{"id":966,"date":"2020-02-19T14:53:55","date_gmt":"2020-02-19T13:53:55","guid":{"rendered":"http:\/\/labotica.fr\/site\/?page_id=966"},"modified":"2021-05-04T09:39:47","modified_gmt":"2021-05-04T08:39:47","slug":"evenementiel","status":"publish","type":"page","link":"http:\/\/labotica.fr\/site\/evenementiel\/","title":{"rendered":"\u00c9V\u00c9NEMENTIEL"},"content":{"rendered":"<p>[vc_row css=\u00a0\u00bb.vc_custom_1618496945528{padding-left: 15px !important;background-image: url(http:\/\/labotica.fr\/site\/wp-content\/uploads\/2021\/04\/Ev\u00e9nementiel-Banni\u00e8re-site-rectangle.png?id=2181) !important;background-position: center !important;background-repeat: no-repeat !important;background-size: cover !important;}\u00a0\u00bb][vc_column width=\u00a0\u00bb1\/2&Prime;][vc_custom_heading text=\u00a0\u00bbArchive des \u00c9v\u00e9nements\u00a0\u00bb font_container=\u00a0\u00bbtag:h2|text_align:left|color:%23ffffff\u00a0\u00bb use_theme_fonts=\u00a0\u00bbyes\u00a0\u00bb css_animation=\u00a0\u00bbnone\u00a0\u00bb][vc_column_text]<span style=\"color: #ffffff;\">Ateliers, Vernissage, D\u00e9dicaces&#8230; D\u00e9couvrez les \u00e9v\u00e9nements qui se sont tenus \u00e0 la Botica.<br \/>\n<\/span>[\/vc_column_text][\/vc_column][vc_column width=\u00a0\u00bb1\/2&Prime;][vc_empty_space height=\u00a0\u00bb80px\u00a0\u00bb][vc_btn title=\u00a0\u00bbCliquer pour voir les \u00e9v\u00e9nements\u00a0\u00bb style=\u00a0\u00bb3d\u00a0\u00bb shape=\u00a0\u00bbsquare\u00a0\u00bb color=\u00a0\u00bbwhite\u00a0\u00bb align=\u00a0\u00bbcenter\u00a0\u00bb css_animation=\u00a0\u00bbbounceIn\u00a0\u00bb link=\u00a0\u00bburl:http%3A%2F%2Flabotica.fr%2Fsite%2Fprivatisation%2Fevenements%2F|||\u00a0\u00bb][\/vc_column][\/vc_row][vc_row css=\u00a0\u00bb.vc_custom_1618910105226{padding-right: 15px !important;background-image: url(http:\/\/labotica.fr\/site\/wp-content\/uploads\/2021\/04\/Privatisation-entreprise-Banni\u00e8re-site-rectangle.png?id=2207) !important;background-position: center !important;background-repeat: no-repeat !important;background-size: cover !important;}\u00a0\u00bb][vc_column width=\u00a0\u00bb1\/2&Prime;][vc_empty_space height=\u00a0\u00bb80px\u00a0\u00bb][vc_btn title=\u00a0\u00bbCliquer pour privatiser la galerie\u00a0\u00bb style=\u00a0\u00bb3d\u00a0\u00bb shape=\u00a0\u00bbsquare\u00a0\u00bb color=\u00a0\u00bbwhite\u00a0\u00bb align=\u00a0\u00bbcenter\u00a0\u00bb css_animation=\u00a0\u00bbbounceIn\u00a0\u00bb link=\u00a0\u00bburl:http%3A%2F%2Flabotica.fr%2Fsite%2Fevenementiel%2Fprivatisation%2F|||\u00a0\u00bb][\/vc_column][vc_column width=\u00a0\u00bb1\/2&Prime;][vc_custom_heading text=\u00a0\u00bbPrivatisation\u00a0\u00bb font_container=\u00a0\u00bbtag:h2|text_align:right|color:%23ffffff\u00a0\u00bb use_theme_fonts=\u00a0\u00bbyes\u00a0\u00bb css_animation=\u00a0\u00bbnone\u00a0\u00bb][vc_column_text]<\/p>\n<p style=\"text-align: right;\"><span style=\"color: #ffffff;\">Pop-Up Stores, Showroom, Soir\u00e9es Priv\u00e9es, \u00c9v\u00e9nements d&rsquo;Entreprise&#8230; R\u00e9servez \u00e0 votre tour l&rsquo;espace de La Botica.<\/span><\/p>\n<p>[\/vc_column_text][\/vc_column][\/vc_row]<\/p>\n","protected":false},"excerpt":{"rendered":"<p>[vc_row css=\u00a0\u00bb.vc_custom_1618496945528{padding-left: 15px !important;background-image: url(http:\/\/labotica.fr\/site\/wp-content\/uploads\/2021\/04\/Ev\u00e9nementiel-Banni\u00e8re-site-rectangle.png?id=2181) !important;background-position: center !important;background-repeat: no-repeat !important;background-size: cover !important;}\u00a0\u00bb][vc_column width=\u00a0\u00bb1\/2&Prime;][vc_custom_heading text=\u00a0\u00bbArchive des \u00c9v\u00e9nements\u00a0\u00bb font_container=\u00a0\u00bbtag:h2|text_align:left|color:%23ffffff\u00a0\u00bb use_theme_fonts=\u00a0\u00bbyes\u00a0\u00bb css_animation=\u00a0\u00bbnone\u00a0\u00bb][vc_column_text]Ateliers, Vernissage, D\u00e9dicaces&#8230; D\u00e9couvrez les \u00e9v\u00e9nements qui se sont tenus \u00e0 la Botica. [\/vc_column_text][\/vc_column][vc_column width=\u00a0\u00bb1\/2&Prime;][vc_empty_space height=\u00a0\u00bb80px\u00a0\u00bb][vc_btn title=\u00a0\u00bbCliquer pour voir les \u00e9v\u00e9nements\u00a0\u00bb style=\u00a0\u00bb3d\u00a0\u00bb shape=\u00a0\u00bbsquare\u00a0\u00bb color=\u00a0\u00bbwhite\u00a0\u00bb align=\u00a0\u00bbcenter\u00a0\u00bb css_animation=\u00a0\u00bbbounceIn\u00a0\u00bb link=\u00a0\u00bburl:http%3A%2F%2Flabotica.fr%2Fsite%2Fprivatisation%2Fevenements%2F|||\u00a0\u00bb][\/vc_column][\/vc_row][vc_row css=\u00a0\u00bb.vc_custom_1618910105226{padding-right: 15px !important;background-image: url(http:\/\/labotica.fr\/site\/wp-content\/uploads\/2021\/04\/Privatisation-entreprise-Banni\u00e8re-site-rectangle.png?id=2207) !important;background-position: center !important;background-repeat: no-repeat !important;background-size: cover &hellip; <\/p>\n","protected":false},"author":1,"featured_media":0,"parent":0,"menu_order":0,"comment_status":"closed","ping_status":"closed","template":"","meta":[],"_links":{"self":[{"href":"http:\/\/labotica.fr\/site\/wp-json\/wp\/v2\/pages\/966"}],"collection":[{"href":"http:\/\/labotica.fr\/site\/wp-json\/wp\/v2\/pages"}],"about":[{"href":"http:\/\/labotica.fr\/site\/wp-json\/wp\/v2\/types\/page"}],"author":[{"embeddable":true,"href":"http:\/\/labotica.fr\/site\/wp-json\/wp\/v2\/users\/1"}],"replies":[{"embeddable":true,"href":"http:\/\/labotica.fr\/site\/wp-json\/wp\/v2\/comments?post=966"}],"version-history":[{"count":21,"href":"http:\/\/labotica.fr\/site\/wp-json\/wp\/v2\/pages\/966\/revisions"}],"predecessor-version":[{"id":2411,"href":"http:\/\/labotica.fr\/site\/wp-json\/wp\/v2\/pages\/966\/revisions\/2411"}],"wp:attachment":[{"href":"http:\/\/labotica.fr\/site\/wp-json\/wp\/v2\/media?parent=966"}],"curies":[{"name":"wp","href":"https:\/\/api.w.org\/{rel}","templated":true}]}}