{"id":836,"date":"2020-02-11T12:14:35","date_gmt":"2020-02-11T11:14:35","guid":{"rendered":"http:\/\/labotica.fr\/site\/?page_id=836"},"modified":"2021-05-04T10:51:50","modified_gmt":"2021-05-04T09:51:50","slug":"boutique","status":"publish","type":"page","link":"http:\/\/labotica.fr\/site\/boutique\/","title":{"rendered":"BOUTIQUE"},"content":{"rendered":"<p>[vc_row css=\u00a0\u00bb.vc_custom_1618913775823{padding-left: 15px !important;background-image: url(http:\/\/labotica.fr\/site\/wp-content\/uploads\/2021\/04\/Boutique-Banni\u00e8re-site-rectangle.png?id=2182) !important;background-position: center !important;background-repeat: no-repeat !important;background-size: cover !important;}\u00a0\u00bb][vc_column width=\u00a0\u00bb1\/2&Prime;][vc_custom_heading text=\u00a0\u00bbCr\u00e9ateurs\u00a0\u00bb font_container=\u00a0\u00bbtag:h2|text_align:left|color:%23ffffff\u00a0\u00bb use_theme_fonts=\u00a0\u00bbyes\u00a0\u00bb css_animation=\u00a0\u00bbnone\u00a0\u00bb][vc_column_text]<span style=\"color: #ffffff;\">Mode, Accessoires, Maison, Papeterie, Librairie&#8230; D\u00e9couvrez les nombreux cr\u00e9ateurs qui travaillent avec la Botica.<br \/>\n<\/span>[\/vc_column_text][\/vc_column][vc_column width=\u00a0\u00bb1\/2&Prime;][vc_empty_space height=\u00a0\u00bb96px\u00a0\u00bb][vc_btn title=\u00a0\u00bbCliquer pour voir les cr\u00e9ateurs\u00a0\u00bb style=\u00a0\u00bb3d\u00a0\u00bb shape=\u00a0\u00bbsquare\u00a0\u00bb color=\u00a0\u00bbwhite\u00a0\u00bb css_animation=\u00a0\u00bbbounceIn\u00a0\u00bb link=\u00a0\u00bburl:http%3A%2F%2Flabotica.fr%2Fsite%2Fcreateurs%2F|||\u00a0\u00bb][\/vc_column][\/vc_row][vc_row css=\u00a0\u00bb.vc_custom_1620121903322{padding-right: 15px !important;background-image: url(http:\/\/labotica.fr\/site\/wp-content\/uploads\/2021\/05\/\u00e9b\u00e9niste-Banni\u00e8re-site-rectangle.png?id=2418) !important;background-position: center !important;background-repeat: no-repeat !important;background-size: cover !important;}\u00a0\u00bb][vc_column width=\u00a0\u00bb1\/2&Prime;][vc_empty_space height=\u00a0\u00bb96px\u00a0\u00bb][vc_btn title=\u00a0\u00bbCliquer pour voir les meubles\u00a0\u00bb style=\u00a0\u00bb3d\u00a0\u00bb shape=\u00a0\u00bbsquare\u00a0\u00bb color=\u00a0\u00bbwhite\u00a0\u00bb css_animation=\u00a0\u00bbbounceIn\u00a0\u00bb link=\u00a0\u00bburl:http%3A%2F%2Flabotica.fr%2Fsite%2Fmobilier-sur-commande%2F|||\u00a0\u00bb][\/vc_column][vc_column width=\u00a0\u00bb1\/2&Prime;][vc_custom_heading text=\u00a0\u00bbMobilier sur Commande\u00a0\u00bb font_container=\u00a0\u00bbtag:h2|text_align:left|color:%23ffffff\u00a0\u00bb use_theme_fonts=\u00a0\u00bbyes\u00a0\u00bb css_animation=\u00a0\u00bbnone\u00a0\u00bb][vc_column_text]<span style=\"color: #ffffff;\">Commandez votre futur meuble sur mesure avec La Botica.<\/span>[\/vc_column_text][\/vc_column][\/vc_row]<\/p>\n","protected":false},"excerpt":{"rendered":"<p>[vc_row css=\u00a0\u00bb.vc_custom_1618913775823{padding-left: 15px !important;background-image: url(http:\/\/labotica.fr\/site\/wp-content\/uploads\/2021\/04\/Boutique-Banni\u00e8re-site-rectangle.png?id=2182) !important;background-position: center !important;background-repeat: no-repeat !important;background-size: cover !important;}\u00a0\u00bb][vc_column width=\u00a0\u00bb1\/2&Prime;][vc_custom_heading text=\u00a0\u00bbCr\u00e9ateurs\u00a0\u00bb font_container=\u00a0\u00bbtag:h2|text_align:left|color:%23ffffff\u00a0\u00bb use_theme_fonts=\u00a0\u00bbyes\u00a0\u00bb css_animation=\u00a0\u00bbnone\u00a0\u00bb][vc_column_text]Mode, Accessoires, Maison, Papeterie, Librairie&#8230; D\u00e9couvrez les nombreux cr\u00e9ateurs qui travaillent avec la Botica. [\/vc_column_text][\/vc_column][vc_column width=\u00a0\u00bb1\/2&Prime;][vc_empty_space height=\u00a0\u00bb96px\u00a0\u00bb][vc_btn title=\u00a0\u00bbCliquer pour voir les cr\u00e9ateurs\u00a0\u00bb style=\u00a0\u00bb3d\u00a0\u00bb shape=\u00a0\u00bbsquare\u00a0\u00bb color=\u00a0\u00bbwhite\u00a0\u00bb css_animation=\u00a0\u00bbbounceIn\u00a0\u00bb link=\u00a0\u00bburl:http%3A%2F%2Flabotica.fr%2Fsite%2Fcreateurs%2F|||\u00a0\u00bb][\/vc_column][\/vc_row][vc_row css=\u00a0\u00bb.vc_custom_1620121903322{padding-right: 15px !important;background-image: url(http:\/\/labotica.fr\/site\/wp-content\/uploads\/2021\/05\/\u00e9b\u00e9niste-Banni\u00e8re-site-rectangle.png?id=2418) !important;background-position: center !important;background-repeat: no-repeat !important;background-size: cover !important;}\u00a0\u00bb][vc_column width=\u00a0\u00bb1\/2&Prime;][vc_empty_space &hellip; <\/p>\n","protected":false},"author":1,"featured_media":0,"parent":0,"menu_order":0,"comment_status":"closed","ping_status":"closed","template":"","meta":[],"_links":{"self":[{"href":"http:\/\/labotica.fr\/site\/wp-json\/wp\/v2\/pages\/836"}],"collection":[{"href":"http:\/\/labotica.fr\/site\/wp-json\/wp\/v2\/pages"}],"about":[{"href":"http:\/\/labotica.fr\/site\/wp-json\/wp\/v2\/types\/page"}],"author":[{"embeddable":true,"href":"http:\/\/labotica.fr\/site\/wp-json\/wp\/v2\/users\/1"}],"replies":[{"embeddable":true,"href":"http:\/\/labotica.fr\/site\/wp-json\/wp\/v2\/comments?post=836"}],"version-history":[{"count":12,"href":"http:\/\/labotica.fr\/site\/wp-json\/wp\/v2\/pages\/836\/revisions"}],"predecessor-version":[{"id":2419,"href":"http:\/\/labotica.fr\/site\/wp-json\/wp\/v2\/pages\/836\/revisions\/2419"}],"wp:attachment":[{"href":"http:\/\/labotica.fr\/site\/wp-json\/wp\/v2\/media?parent=836"}],"curies":[{"name":"wp","href":"https:\/\/api.w.org\/{rel}","templated":true}]}}