{"id":835,"date":"2020-02-11T12:14:35","date_gmt":"2020-02-11T11:14:35","guid":{"rendered":"http:\/\/labotica.fr\/site\/?page_id=835"},"modified":"2021-06-23T10:16:50","modified_gmt":"2021-06-23T09:16:50","slug":"galerie","status":"publish","type":"page","link":"http:\/\/labotica.fr\/site\/galerie\/","title":{"rendered":"GALERIE"},"content":{"rendered":"<p>[vc_row css=\u00a0\u00bb.vc_custom_1620120151085{padding-left: 15px !important;background-image: url(http:\/\/labotica.fr\/site\/wp-content\/uploads\/2021\/04\/Galerie-Banni\u00e8re-site-rectangle.png?id=2183) !important;background-position: center !important;background-repeat: no-repeat !important;background-size: cover !important;}\u00a0\u00bb][vc_column width=\u00a0\u00bb1\/2&Prime;][vc_custom_heading text=\u00a0\u00bbExpositions\u00a0\u00bb font_container=\u00a0\u00bbtag:h2|text_align:left|color:%23ffffff\u00a0\u00bb use_theme_fonts=\u00a0\u00bbyes\u00a0\u00bb css_animation=\u00a0\u00bbnone\u00a0\u00bb][vc_column_text]<span style=\"color: #ffffff;\">Expositions \u00e0 venir, exposition en cours, expositions pass\u00e9es: toutes vos informations sur la galerie<br \/>\n<\/span>[\/vc_column_text][\/vc_column][vc_column width=\u00a0\u00bb1\/2&Prime;][vc_empty_space height=\u00a0\u00bb96px\u00a0\u00bb][vc_btn title=\u00a0\u00bbCliquer pour d\u00e9couvrir les expositions\u00a0\u00bb style=\u00a0\u00bb3d\u00a0\u00bb shape=\u00a0\u00bbsquare\u00a0\u00bb color=\u00a0\u00bbwhite\u00a0\u00bb css_animation=\u00a0\u00bbbounceIn\u00a0\u00bb link=\u00a0\u00bburl:http%3A%2F%2Flabotica.fr%2Fsite%2Fexpositions%2F|||\u00a0\u00bb][\/vc_column][\/vc_row][vc_row css=\u00a0\u00bb.vc_custom_1620123704585{padding-right: 15px !important;background-image: url(http:\/\/labotica.fr\/site\/wp-content\/uploads\/2021\/05\/Artistes-Banni\u00e8re-3-rectangle.png?id=2423) !important;background-position: center !important;background-repeat: no-repeat !important;background-size: cover !important;}\u00a0\u00bb][vc_column width=\u00a0\u00bb1\/2&Prime;][vc_empty_space height=\u00a0\u00bb96px\u00a0\u00bb][vc_btn title=\u00a0\u00bbCliquer pour d\u00e9couvrir les artistes\u00a0\u00bb style=\u00a0\u00bb3d\u00a0\u00bb shape=\u00a0\u00bbsquare\u00a0\u00bb color=\u00a0\u00bbwhite\u00a0\u00bb css_animation=\u00a0\u00bbbounceIn\u00a0\u00bb link=\u00a0\u00bburl:http%3A%2F%2Flabotica.fr%2Fsite%2Fartistes%2F|||\u00a0\u00bb][\/vc_column][vc_column width=\u00a0\u00bb1\/2&Prime;][vc_custom_heading text=\u00a0\u00bbArtistes\u00a0\u00bb font_container=\u00a0\u00bbtag:h2|text_align:left|color:%23ffffff\u00a0\u00bb use_theme_fonts=\u00a0\u00bbyes\u00a0\u00bb css_animation=\u00a0\u00bbnone\u00a0\u00bb][vc_column_text]<span style=\"color: #ffffff;\">Une s\u00e9lection des \u0153uvres d\u00e9j\u00e0 expos\u00e9es est toujours en vente \u00e0 la Botica<br \/>\n<\/span>[\/vc_column_text][\/vc_column][\/vc_row]<\/p>\n","protected":false},"excerpt":{"rendered":"<p>[vc_row css=\u00a0\u00bb.vc_custom_1620120151085{padding-left: 15px !important;background-image: url(http:\/\/labotica.fr\/site\/wp-content\/uploads\/2021\/04\/Galerie-Banni\u00e8re-site-rectangle.png?id=2183) !important;background-position: center !important;background-repeat: no-repeat !important;background-size: cover !important;}\u00a0\u00bb][vc_column width=\u00a0\u00bb1\/2&Prime;][vc_custom_heading text=\u00a0\u00bbExpositions\u00a0\u00bb font_container=\u00a0\u00bbtag:h2|text_align:left|color:%23ffffff\u00a0\u00bb use_theme_fonts=\u00a0\u00bbyes\u00a0\u00bb css_animation=\u00a0\u00bbnone\u00a0\u00bb][vc_column_text]Expositions \u00e0 venir, exposition en cours, expositions pass\u00e9es: toutes vos informations sur la galerie [\/vc_column_text][\/vc_column][vc_column width=\u00a0\u00bb1\/2&Prime;][vc_empty_space height=\u00a0\u00bb96px\u00a0\u00bb][vc_btn title=\u00a0\u00bbCliquer pour d\u00e9couvrir les expositions\u00a0\u00bb style=\u00a0\u00bb3d\u00a0\u00bb shape=\u00a0\u00bbsquare\u00a0\u00bb color=\u00a0\u00bbwhite\u00a0\u00bb css_animation=\u00a0\u00bbbounceIn\u00a0\u00bb link=\u00a0\u00bburl:http%3A%2F%2Flabotica.fr%2Fsite%2Fexpositions%2F|||\u00a0\u00bb][\/vc_column][\/vc_row][vc_row css=\u00a0\u00bb.vc_custom_1620123704585{padding-right: 15px !important;background-image: url(http:\/\/labotica.fr\/site\/wp-content\/uploads\/2021\/05\/Artistes-Banni\u00e8re-3-rectangle.png?id=2423) !important;background-position: center !important;background-repeat: no-repeat !important;background-size: cover !important;}\u00a0\u00bb][vc_column width=\u00a0\u00bb1\/2&Prime;][vc_empty_space &hellip; <\/p>\n","protected":false},"author":1,"featured_media":0,"parent":0,"menu_order":0,"comment_status":"closed","ping_status":"closed","template":"","meta":[],"_links":{"self":[{"href":"http:\/\/labotica.fr\/site\/wp-json\/wp\/v2\/pages\/835"}],"collection":[{"href":"http:\/\/labotica.fr\/site\/wp-json\/wp\/v2\/pages"}],"about":[{"href":"http:\/\/labotica.fr\/site\/wp-json\/wp\/v2\/types\/page"}],"author":[{"embeddable":true,"href":"http:\/\/labotica.fr\/site\/wp-json\/wp\/v2\/users\/1"}],"replies":[{"embeddable":true,"href":"http:\/\/labotica.fr\/site\/wp-json\/wp\/v2\/comments?post=835"}],"version-history":[{"count":9,"href":"http:\/\/labotica.fr\/site\/wp-json\/wp\/v2\/pages\/835\/revisions"}],"predecessor-version":[{"id":2719,"href":"http:\/\/labotica.fr\/site\/wp-json\/wp\/v2\/pages\/835\/revisions\/2719"}],"wp:attachment":[{"href":"http:\/\/labotica.fr\/site\/wp-json\/wp\/v2\/media?parent=835"}],"curies":[{"name":"wp","href":"https:\/\/api.w.org\/{rel}","templated":true}]}}