{"id":2679,"date":"2021-06-09T12:17:08","date_gmt":"2021-06-09T11:17:08","guid":{"rendered":"http:\/\/labotica.fr\/site\/?page_id=2679"},"modified":"2021-06-09T12:17:08","modified_gmt":"2021-06-09T11:17:08","slug":"bleu-coquille","status":"publish","type":"page","link":"http:\/\/labotica.fr\/site\/bleu-coquille\/","title":{"rendered":"BLEU COQUILLE"},"content":{"rendered":"<p>[vc_row][vc_column][vc_column_text]<img decoding=\"async\" loading=\"lazy\" class=\"aligncenter wp-image-2687 size-medium\" src=\"http:\/\/labotica.fr\/site\/wp-content\/uploads\/2021\/06\/Ic\u00f4nes-Bleu-Coquille-carr\u00e9-300x300.png\" alt=\"\" width=\"300\" height=\"300\" srcset=\"http:\/\/labotica.fr\/site\/wp-content\/uploads\/2021\/06\/Ic\u00f4nes-Bleu-Coquille-carr\u00e9-300x300.png 300w, http:\/\/labotica.fr\/site\/wp-content\/uploads\/2021\/06\/Ic\u00f4nes-Bleu-Coquille-carr\u00e9-150x150.png 150w, http:\/\/labotica.fr\/site\/wp-content\/uploads\/2021\/06\/Ic\u00f4nes-Bleu-Coquille-carr\u00e9-768x768.png 768w, http:\/\/labotica.fr\/site\/wp-content\/uploads\/2021\/06\/Ic\u00f4nes-Bleu-Coquille-carr\u00e9-1024x1024.png 1024w, http:\/\/labotica.fr\/site\/wp-content\/uploads\/2021\/06\/Ic\u00f4nes-Bleu-Coquille-carr\u00e9-435x435.png 435w, http:\/\/labotica.fr\/site\/wp-content\/uploads\/2021\/06\/Ic\u00f4nes-Bleu-Coquille-carr\u00e9-60x60.png 60w, http:\/\/labotica.fr\/site\/wp-content\/uploads\/2021\/06\/Ic\u00f4nes-Bleu-Coquille-carr\u00e9.png 1080w\" sizes=\"(max-width: 300px) 100vw, 300px\" \/>[\/vc_column_text][\/vc_column][\/vc_row][vc_row][vc_column][vc_column_text]<\/p>\n<p style=\"text-align: center;\">Toutes les pi\u00e8ces et \u0153uvres peuvent \u00eatre command\u00e9es en nous \u00e9crivant \u00e0 <a href=\"mailto:covadonga.labotica@gmail.com\">covadonga.labotica@gmail.com<\/a> \/ <a href=\"mailto:contact.labotica@gmail.com\">contact.labotica@gmail.com<\/a> ou via nos r\u00e9seaux sociaux.<\/p>\n<p>[\/vc_column_text][\/vc_column][\/vc_row][vc_row][vc_column width=\u00a0\u00bb1\/2&Prime;][vc_single_image image=\u00a0\u00bb2681&Prime; img_size=\u00a0\u00bbmedium\u00a0\u00bb css_animation=\u00a0\u00bbrotateInDownLeft\u00a0\u00bb][\/vc_column][vc_column width=\u00a0\u00bb1\/2&Prime;][vc_custom_heading text=\u00a0\u00bbPetits Carnets\u00a0\u00bb use_theme_fonts=\u00a0\u00bbyes\u00a0\u00bb][vc_column_text]10,5 x 13 cm[\/vc_column_text][vc_column_text]6,50 \u20ac[\/vc_column_text][\/vc_column][\/vc_row][vc_row][vc_column width=\u00a0\u00bb1\/2&Prime;][vc_single_image image=\u00a0\u00bb2680&Prime; img_size=\u00a0\u00bbmedium\u00a0\u00bb css_animation=\u00a0\u00bbrotateInDownLeft\u00a0\u00bb][\/vc_column][vc_column width=\u00a0\u00bb1\/2&Prime;][vc_column_text]10,5 x 13 cm[\/vc_column_text][vc_column_text]6,50 \u20ac[\/vc_column_text][\/vc_column][\/vc_row][vc_row][vc_column width=\u00a0\u00bb1\/2&Prime;][vc_single_image image=\u00a0\u00bb2682&Prime; img_size=\u00a0\u00bbmedium\u00a0\u00bb css_animation=\u00a0\u00bbrotateInDownLeft\u00a0\u00bb][\/vc_column][vc_column width=\u00a0\u00bb1\/2&Prime;][vc_column_text]10,5 x 13 cm[\/vc_column_text][vc_column_text]6,50 \u20ac[\/vc_column_text][\/vc_column][\/vc_row][vc_row][vc_column width=\u00a0\u00bb1\/2&Prime;][vc_single_image image=\u00a0\u00bb2688&Prime; img_size=\u00a0\u00bbmedium\u00a0\u00bb css_animation=\u00a0\u00bbrotateInDownLeft\u00a0\u00bb][\/vc_column][vc_column width=\u00a0\u00bb1\/2&Prime;][vc_column_text]10,5 x 13 cm[\/vc_column_text][vc_column_text]6,50 \u20ac[\/vc_column_text][\/vc_column][\/vc_row][vc_row][vc_column width=\u00a0\u00bb1\/2&Prime;][vc_single_image image=\u00a0\u00bb2689&Prime; img_size=\u00a0\u00bbmedium\u00a0\u00bb css_animation=\u00a0\u00bbrotateInDownLeft\u00a0\u00bb][\/vc_column][vc_column width=\u00a0\u00bb1\/2&Prime;][vc_column_text]10,5 x 13 cm[\/vc_column_text][vc_column_text]6,50 \u20ac[\/vc_column_text][\/vc_column][\/vc_row][vc_row][vc_column width=\u00a0\u00bb1\/2&Prime;][vc_single_image image=\u00a0\u00bb2686&Prime; img_size=\u00a0\u00bbmedium\u00a0\u00bb css_animation=\u00a0\u00bbrotateInDownLeft\u00a0\u00bb][\/vc_column][vc_column width=\u00a0\u00bb1\/2&Prime;][vc_custom_heading text=\u00a0\u00bbCarnets A5&Prime; use_theme_fonts=\u00a0\u00bbyes\u00a0\u00bb][vc_column_text]14,8 x 21 cm[\/vc_column_text][vc_column_text]12,50 \u20ac[\/vc_column_text][\/vc_column][\/vc_row][vc_row][vc_column width=\u00a0\u00bb1\/2&Prime;][vc_single_image image=\u00a0\u00bb2685&Prime; img_size=\u00a0\u00bbmedium\u00a0\u00bb css_animation=\u00a0\u00bbrotateInDownLeft\u00a0\u00bb][\/vc_column][vc_column width=\u00a0\u00bb1\/2&Prime;][vc_column_text]14,8 x 21 cm[\/vc_column_text][vc_column_text]12,50 \u20ac[\/vc_column_text][\/vc_column][\/vc_row][vc_row][vc_column width=\u00a0\u00bb1\/2&Prime;][vc_single_image image=\u00a0\u00bb2684&Prime; img_size=\u00a0\u00bbmedium\u00a0\u00bb css_animation=\u00a0\u00bbrotateInDownLeft\u00a0\u00bb][\/vc_column][vc_column width=\u00a0\u00bb1\/2&Prime;][vc_column_text]14,8 x 21 cm[\/vc_column_text][vc_column_text]12,50 \u20ac[\/vc_column_text][\/vc_column][\/vc_row][vc_row][vc_column width=\u00a0\u00bb1\/2&Prime;][vc_single_image image=\u00a0\u00bb2683&Prime; img_size=\u00a0\u00bbmedium\u00a0\u00bb css_animation=\u00a0\u00bbrotateInDownLeft\u00a0\u00bb][\/vc_column][vc_column width=\u00a0\u00bb1\/2&Prime;][vc_column_text]14,8 x 21 cm[\/vc_column_text][vc_column_text]12,50 \u20ac[\/vc_column_text][\/vc_column][\/vc_row]<\/p>\n","protected":false},"excerpt":{"rendered":"<p>[vc_row][vc_column][vc_column_text][\/vc_column_text][\/vc_column][\/vc_row][vc_row][vc_column][vc_column_text] Toutes les pi\u00e8ces et \u0153uvres peuvent \u00eatre command\u00e9es en nous \u00e9crivant \u00e0 covadonga.labotica@gmail.com \/ contact.labotica@gmail.com ou via nos r\u00e9seaux sociaux. [\/vc_column_text][\/vc_column][\/vc_row][vc_row][vc_column width=\u00a0\u00bb1\/2&Prime;][vc_single_image image=\u00a0\u00bb2681&Prime; img_size=\u00a0\u00bbmedium\u00a0\u00bb css_animation=\u00a0\u00bbrotateInDownLeft\u00a0\u00bb][\/vc_column][vc_column width=\u00a0\u00bb1\/2&Prime;][vc_custom_heading text=\u00a0\u00bbPetits Carnets\u00a0\u00bb use_theme_fonts=\u00a0\u00bbyes\u00a0\u00bb][vc_column_text]10,5 x 13 cm[\/vc_column_text][vc_column_text]6,50 \u20ac[\/vc_column_text][\/vc_column][\/vc_row][vc_row][vc_column width=\u00a0\u00bb1\/2&Prime;][vc_single_image image=\u00a0\u00bb2680&Prime; img_size=\u00a0\u00bbmedium\u00a0\u00bb css_animation=\u00a0\u00bbrotateInDownLeft\u00a0\u00bb][\/vc_column][vc_column width=\u00a0\u00bb1\/2&Prime;][vc_column_text]10,5 x 13 cm[\/vc_column_text][vc_column_text]6,50 \u20ac[\/vc_column_text][\/vc_column][\/vc_row][vc_row][vc_column width=\u00a0\u00bb1\/2&Prime;][vc_single_image image=\u00a0\u00bb2682&Prime; img_size=\u00a0\u00bbmedium\u00a0\u00bb css_animation=\u00a0\u00bbrotateInDownLeft\u00a0\u00bb][\/vc_column][vc_column width=\u00a0\u00bb1\/2&Prime;][vc_column_text]10,5 x 13 cm[\/vc_column_text][vc_column_text]6,50 \u20ac[\/vc_column_text][\/vc_column][\/vc_row][vc_row][vc_column width=\u00a0\u00bb1\/2&Prime;][vc_single_image image=\u00a0\u00bb2688&Prime; img_size=\u00a0\u00bbmedium\u00a0\u00bb &hellip; <\/p>\n","protected":false},"author":1,"featured_media":0,"parent":0,"menu_order":0,"comment_status":"closed","ping_status":"closed","template":"","meta":[],"_links":{"self":[{"href":"http:\/\/labotica.fr\/site\/wp-json\/wp\/v2\/pages\/2679"}],"collection":[{"href":"http:\/\/labotica.fr\/site\/wp-json\/wp\/v2\/pages"}],"about":[{"href":"http:\/\/labotica.fr\/site\/wp-json\/wp\/v2\/types\/page"}],"author":[{"embeddable":true,"href":"http:\/\/labotica.fr\/site\/wp-json\/wp\/v2\/users\/1"}],"replies":[{"embeddable":true,"href":"http:\/\/labotica.fr\/site\/wp-json\/wp\/v2\/comments?post=2679"}],"version-history":[{"count":2,"href":"http:\/\/labotica.fr\/site\/wp-json\/wp\/v2\/pages\/2679\/revisions"}],"predecessor-version":[{"id":2691,"href":"http:\/\/labotica.fr\/site\/wp-json\/wp\/v2\/pages\/2679\/revisions\/2691"}],"wp:attachment":[{"href":"http:\/\/labotica.fr\/site\/wp-json\/wp\/v2\/media?parent=2679"}],"curies":[{"name":"wp","href":"https:\/\/api.w.org\/{rel}","templated":true}]}}