{"id":2580,"date":"2021-05-26T15:02:53","date_gmt":"2021-05-26T14:02:53","guid":{"rendered":"http:\/\/labotica.fr\/site\/?page_id=2580"},"modified":"2021-05-26T15:02:53","modified_gmt":"2021-05-26T14:02:53","slug":"erotisme-par-antoine-legrand-et-raul-diaz","status":"publish","type":"page","link":"http:\/\/labotica.fr\/site\/erotisme-par-antoine-legrand-et-raul-diaz\/","title":{"rendered":"\u00c9rotisme, par Antoine Legrand et Raul Diaz"},"content":{"rendered":"<p>[vc_row][vc_column][vc_column_text]<\/p>\n<p style=\"text-align: center;\"><strong>\u00c9rotisme<\/strong>, \u00e0 <strong>La Botica<\/strong> du <strong>14 F\u00e9vrier<\/strong> jusqu\u2019au <strong>15 Mars 2019<\/strong><\/p>\n<p>[\/vc_column_text][vc_single_image image=\u00a0\u00bb1908&Prime; img_size=\u00a0\u00bbmedium\u00a0\u00bb alignment=\u00a0\u00bbcenter\u00a0\u00bb][\/vc_column][\/vc_row][vc_row][vc_column width=\u00a0\u00bb1\/3&Prime;][\/vc_column][vc_column width=\u00a0\u00bb1\/3&Prime;][vc_column_text]<\/p>\n<div style=\"width: 1020px;\" class=\"wp-video\"><!--[if lt IE 9]><script>document.createElement('video');<\/script><![endif]-->\n<video class=\"wp-video-shortcode\" id=\"video-2580-1\" width=\"1020\" height=\"1813\" loop=\"1\" autoplay=\"1\" preload=\"metadata\" controls=\"controls\"><source type=\"video\/mp4\" src=\"http:\/\/labotica.fr\/site\/wp-content\/uploads\/2021\/05\/Reels-Erotisme.mp4?_=1\" \/><a href=\"http:\/\/labotica.fr\/site\/wp-content\/uploads\/2021\/05\/Reels-Erotisme.mp4\">http:\/\/labotica.fr\/site\/wp-content\/uploads\/2021\/05\/Reels-Erotisme.mp4<\/a><\/video><\/div>\n<p>[\/vc_column_text][\/vc_column][vc_column width=\u00a0\u00bb1\/3&Prime;][\/vc_column][\/vc_row]<\/p>\n","protected":false},"excerpt":{"rendered":"<p>[vc_row][vc_column][vc_column_text] \u00c9rotisme, \u00e0 La Botica du 14 F\u00e9vrier jusqu\u2019au 15 Mars 2019 [\/vc_column_text][vc_single_image image=\u00a0\u00bb1908&Prime; img_size=\u00a0\u00bbmedium\u00a0\u00bb alignment=\u00a0\u00bbcenter\u00a0\u00bb][\/vc_column][\/vc_row][vc_row][vc_column width=\u00a0\u00bb1\/3&Prime;][\/vc_column][vc_column width=\u00a0\u00bb1\/3&Prime;][vc_column_text] [\/vc_column_text][\/vc_column][vc_column width=\u00a0\u00bb1\/3&Prime;][\/vc_column][\/vc_row]<\/p>\n","protected":false},"author":1,"featured_media":0,"parent":0,"menu_order":0,"comment_status":"closed","ping_status":"closed","template":"","meta":[],"_links":{"self":[{"href":"http:\/\/labotica.fr\/site\/wp-json\/wp\/v2\/pages\/2580"}],"collection":[{"href":"http:\/\/labotica.fr\/site\/wp-json\/wp\/v2\/pages"}],"about":[{"href":"http:\/\/labotica.fr\/site\/wp-json\/wp\/v2\/types\/page"}],"author":[{"embeddable":true,"href":"http:\/\/labotica.fr\/site\/wp-json\/wp\/v2\/users\/1"}],"replies":[{"embeddable":true,"href":"http:\/\/labotica.fr\/site\/wp-json\/wp\/v2\/comments?post=2580"}],"version-history":[{"count":2,"href":"http:\/\/labotica.fr\/site\/wp-json\/wp\/v2\/pages\/2580\/revisions"}],"predecessor-version":[{"id":2583,"href":"http:\/\/labotica.fr\/site\/wp-json\/wp\/v2\/pages\/2580\/revisions\/2583"}],"wp:attachment":[{"href":"http:\/\/labotica.fr\/site\/wp-json\/wp\/v2\/media?parent=2580"}],"curies":[{"name":"wp","href":"https:\/\/api.w.org\/{rel}","templated":true}]}}