{"id":2527,"date":"2021-05-19T10:23:39","date_gmt":"2021-05-19T09:23:39","guid":{"rendered":"http:\/\/labotica.fr\/site\/?page_id=2527"},"modified":"2021-05-27T12:18:26","modified_gmt":"2021-05-27T11:18:26","slug":"sophie-vaidie","status":"publish","type":"page","link":"http:\/\/labotica.fr\/site\/sophie-vaidie\/","title":{"rendered":"SOPHIE VAIDIE"},"content":{"rendered":"<p>[vc_row][vc_column][vc_column_text]<\/p>\n<p style=\"text-align: center;\"><img decoding=\"async\" loading=\"lazy\" class=\"aligncenter wp-image-2529 size-medium\" src=\"http:\/\/labotica.fr\/site\/wp-content\/uploads\/2021\/05\/Ic\u00f4nes-Sophie-Vaidie-carr\u00e9-300x300.png\" alt=\"\" width=\"300\" height=\"300\" srcset=\"http:\/\/labotica.fr\/site\/wp-content\/uploads\/2021\/05\/Ic\u00f4nes-Sophie-Vaidie-carr\u00e9-300x300.png 300w, http:\/\/labotica.fr\/site\/wp-content\/uploads\/2021\/05\/Ic\u00f4nes-Sophie-Vaidie-carr\u00e9-150x150.png 150w, http:\/\/labotica.fr\/site\/wp-content\/uploads\/2021\/05\/Ic\u00f4nes-Sophie-Vaidie-carr\u00e9-768x768.png 768w, http:\/\/labotica.fr\/site\/wp-content\/uploads\/2021\/05\/Ic\u00f4nes-Sophie-Vaidie-carr\u00e9-1024x1024.png 1024w, http:\/\/labotica.fr\/site\/wp-content\/uploads\/2021\/05\/Ic\u00f4nes-Sophie-Vaidie-carr\u00e9-435x435.png 435w, http:\/\/labotica.fr\/site\/wp-content\/uploads\/2021\/05\/Ic\u00f4nes-Sophie-Vaidie-carr\u00e9-60x60.png 60w, http:\/\/labotica.fr\/site\/wp-content\/uploads\/2021\/05\/Ic\u00f4nes-Sophie-Vaidie-carr\u00e9.png 1080w\" sizes=\"(max-width: 300px) 100vw, 300px\" \/><\/p>\n<p style=\"text-align: center;\">Gr\u00e8s roux, chamotte fine. Email blanc satin\u00e9.<br \/>\nSophie Vaidie vous propose des cr\u00e9ations enti\u00e8rement model\u00e9es \u00e0 la main avec la m\u00e9thode du colombin.<br \/>\nCuisson \u00e9lectrique \u00e0 1250\u00b0c<\/p>\n<p>[\/vc_column_text][\/vc_column][\/vc_row][vc_row][vc_column][vc_column_text]<\/p>\n<p style=\"text-align: center;\">Toutes les pi\u00e8ces et \u0153uvres peuvent \u00eatre command\u00e9es en nous \u00e9crivant \u00e0 <a href=\"mailto:covadonga.labotica@gmail.com\">covadonga.labotica@gmail.com<\/a> \/ <a href=\"mailto:contact.labotica@gmail.com\">contact.labotica@gmail.com<\/a> ou via nos r\u00e9seaux sociaux.<\/p>\n<p>[\/vc_column_text][\/vc_column][\/vc_row][vc_row][vc_column width=\u00a0\u00bb1\/2&Prime;][vc_single_image image=\u00a0\u00bb2533&Prime; img_size=\u00a0\u00bbmedium\u00a0\u00bb css_animation=\u00a0\u00bbrotateInDownLeft\u00a0\u00bb][\/vc_column][vc_column width=\u00a0\u00bb1\/2&Prime;][vc_custom_heading text=\u00a0\u00bbVases\u00a0\u00bb use_theme_fonts=\u00a0\u00bbyes\u00a0\u00bb][vc_column_text]23 x 18 cm[\/vc_column_text][vc_column_text]255 \u20ac[\/vc_column_text][\/vc_column][\/vc_row][vc_row][vc_column width=\u00a0\u00bb1\/2&Prime;][vc_single_image image=\u00a0\u00bb2530&Prime; img_size=\u00a0\u00bbmedium\u00a0\u00bb css_animation=\u00a0\u00bbrotateInDownLeft\u00a0\u00bb][\/vc_column][vc_column width=\u00a0\u00bb1\/2&Prime;][vc_column_text]33 x 8 cm[\/vc_column_text][vc_column_text]295 \u20ac[\/vc_column_text][\/vc_column][\/vc_row][vc_row][vc_column width=\u00a0\u00bb1\/2&Prime;][vc_single_image image=\u00a0\u00bb2531&Prime; img_size=\u00a0\u00bbmedium\u00a0\u00bb css_animation=\u00a0\u00bbrotateInDownLeft\u00a0\u00bb][\/vc_column][vc_column width=\u00a0\u00bb1\/2&Prime;][vc_column_text]28 x 25 cm[\/vc_column_text][vc_column_text]295 \u20ac[\/vc_column_text][\/vc_column][\/vc_row][vc_row][vc_column width=\u00a0\u00bb1\/2&Prime;][vc_single_image image=\u00a0\u00bb2532&Prime; img_size=\u00a0\u00bbmedium\u00a0\u00bb css_animation=\u00a0\u00bbrotateInDownLeft\u00a0\u00bb][\/vc_column][vc_column width=\u00a0\u00bb1\/2&Prime;][vc_column_text]28 x 25 cm[\/vc_column_text][vc_column_text]295 \u20ac[\/vc_column_text][\/vc_column][\/vc_row]<\/p>\n","protected":false},"excerpt":{"rendered":"<p>[vc_row][vc_column][vc_column_text] Gr\u00e8s roux, chamotte fine. Email blanc satin\u00e9. Sophie Vaidie vous propose des cr\u00e9ations enti\u00e8rement model\u00e9es \u00e0 la main avec la m\u00e9thode du colombin. Cuisson \u00e9lectrique \u00e0 1250\u00b0c [\/vc_column_text][\/vc_column][\/vc_row][vc_row][vc_column][vc_column_text] Toutes les pi\u00e8ces et \u0153uvres peuvent \u00eatre command\u00e9es en nous \u00e9crivant \u00e0 covadonga.labotica@gmail.com \/ contact.labotica@gmail.com ou via nos r\u00e9seaux sociaux. [\/vc_column_text][\/vc_column][\/vc_row][vc_row][vc_column width=\u00a0\u00bb1\/2&Prime;][vc_single_image image=\u00a0\u00bb2533&Prime; img_size=\u00a0\u00bbmedium\u00a0\u00bb css_animation=\u00a0\u00bbrotateInDownLeft\u00a0\u00bb][\/vc_column][vc_column width=\u00a0\u00bb1\/2&Prime;][vc_custom_heading &hellip; <\/p>\n","protected":false},"author":1,"featured_media":0,"parent":0,"menu_order":0,"comment_status":"closed","ping_status":"closed","template":"","meta":[],"_links":{"self":[{"href":"http:\/\/labotica.fr\/site\/wp-json\/wp\/v2\/pages\/2527"}],"collection":[{"href":"http:\/\/labotica.fr\/site\/wp-json\/wp\/v2\/pages"}],"about":[{"href":"http:\/\/labotica.fr\/site\/wp-json\/wp\/v2\/types\/page"}],"author":[{"embeddable":true,"href":"http:\/\/labotica.fr\/site\/wp-json\/wp\/v2\/users\/1"}],"replies":[{"embeddable":true,"href":"http:\/\/labotica.fr\/site\/wp-json\/wp\/v2\/comments?post=2527"}],"version-history":[{"count":4,"href":"http:\/\/labotica.fr\/site\/wp-json\/wp\/v2\/pages\/2527\/revisions"}],"predecessor-version":[{"id":2628,"href":"http:\/\/labotica.fr\/site\/wp-json\/wp\/v2\/pages\/2527\/revisions\/2628"}],"wp:attachment":[{"href":"http:\/\/labotica.fr\/site\/wp-json\/wp\/v2\/media?parent=2527"}],"curies":[{"name":"wp","href":"https:\/\/api.w.org\/{rel}","templated":true}]}}