{"id":2507,"date":"2021-05-10T15:14:55","date_gmt":"2021-05-10T14:14:55","guid":{"rendered":"http:\/\/labotica.fr\/site\/?page_id=2507"},"modified":"2021-05-10T15:14:55","modified_gmt":"2021-05-10T14:14:55","slug":"fleur-blume","status":"publish","type":"page","link":"http:\/\/labotica.fr\/site\/fleur-blume\/","title":{"rendered":"FLEUR BLUME"},"content":{"rendered":"<p>[vc_row][vc_column][vc_column_text]<\/p>\n<p style=\"text-align: center;\">Une s\u00e9lection des \u0153uvres expos\u00e9es \u00e0 La Botica est toujours en vente. Pour plus d\u2019informations contactez <a href=\"mailto:contact.labotica@gmail.com\">contact.labotica@gmail.com<\/a><\/p>\n<p>[\/vc_column_text][\/vc_column][\/vc_row][vc_row][vc_column][vc_raw_js]JTVCV1BTTV9BQyUyMGlkJTNEMjUxNyU1RA==[\/vc_raw_js][\/vc_column][\/vc_row][vc_row][vc_column][\/vc_column][\/vc_row][vc_row][vc_column][vc_empty_space height=\u00a0\u00bb130px\u00a0\u00bb][\/vc_column][\/vc_row]<\/p>\n","protected":false},"excerpt":{"rendered":"<p>[vc_row][vc_column][vc_column_text] Une s\u00e9lection des \u0153uvres expos\u00e9es \u00e0 La Botica est toujours en vente. Pour plus d\u2019informations contactez contact.labotica@gmail.com [\/vc_column_text][\/vc_column][\/vc_row][vc_row][vc_column][vc_raw_js]JTVCV1BTTV9BQyUyMGlkJTNEMjUxNyU1RA==[\/vc_raw_js][\/vc_column][\/vc_row][vc_row][vc_column][\/vc_column][\/vc_row][vc_row][vc_column][vc_empty_space height=\u00a0\u00bb130px\u00a0\u00bb][\/vc_column][\/vc_row]<\/p>\n","protected":false},"author":1,"featured_media":0,"parent":0,"menu_order":0,"comment_status":"closed","ping_status":"closed","template":"","meta":[],"_links":{"self":[{"href":"http:\/\/labotica.fr\/site\/wp-json\/wp\/v2\/pages\/2507"}],"collection":[{"href":"http:\/\/labotica.fr\/site\/wp-json\/wp\/v2\/pages"}],"about":[{"href":"http:\/\/labotica.fr\/site\/wp-json\/wp\/v2\/types\/page"}],"author":[{"embeddable":true,"href":"http:\/\/labotica.fr\/site\/wp-json\/wp\/v2\/users\/1"}],"replies":[{"embeddable":true,"href":"http:\/\/labotica.fr\/site\/wp-json\/wp\/v2\/comments?post=2507"}],"version-history":[{"count":3,"href":"http:\/\/labotica.fr\/site\/wp-json\/wp\/v2\/pages\/2507\/revisions"}],"predecessor-version":[{"id":2519,"href":"http:\/\/labotica.fr\/site\/wp-json\/wp\/v2\/pages\/2507\/revisions\/2519"}],"wp:attachment":[{"href":"http:\/\/labotica.fr\/site\/wp-json\/wp\/v2\/media?parent=2507"}],"curies":[{"name":"wp","href":"https:\/\/api.w.org\/{rel}","templated":true}]}}