{"id":2305,"date":"2021-04-29T12:42:20","date_gmt":"2021-04-29T11:42:20","guid":{"rendered":"http:\/\/labotica.fr\/site\/?page_id=2305"},"modified":"2022-10-25T12:26:42","modified_gmt":"2022-10-25T11:26:42","slug":"emmanuel-mousset","status":"publish","type":"page","link":"http:\/\/labotica.fr\/site\/emmanuel-mousset\/","title":{"rendered":"EMMANUEL MOUSSET"},"content":{"rendered":"<p>[vc_row][vc_column][vc_column_text]<\/p>\n<p style=\"text-align: center;\">Une s\u00e9lection des \u0153uvres expos\u00e9es \u00e0 La Botica est toujours en vente. Pour plus d\u2019informations contactez <a href=\"mailto:contact.labotica@gmail.com\">contact.labotica@gmail.com<\/a><\/p>\n<p>[\/vc_column_text][\/vc_column][\/vc_row][vc_row][vc_column][vc_raw_js]JTVCV1BTTV9BQyUyMGlkJTNEMjM4OSU1RA==[\/vc_raw_js][\/vc_column][\/vc_row][vc_row][vc_column][\/vc_column][\/vc_row][vc_row][vc_column][\/vc_column][\/vc_row][vc_row][vc_column][\/vc_column][\/vc_row][vc_row][vc_column][vc_empty_space height=\u00a0\u00bb130px\u00a0\u00bb][\/vc_column][\/vc_row][vc_row][vc_column][vc_raw_js]JTVCV1BTTV9BQyUyMGlkJTNEMjM4NSU1RA==[\/vc_raw_js][\/vc_column][\/vc_row][vc_row][vc_column][\/vc_column][\/vc_row]<\/p>\n","protected":false},"excerpt":{"rendered":"<p>[vc_row][vc_column][vc_column_text] Une s\u00e9lection des \u0153uvres expos\u00e9es \u00e0 La Botica est toujours en vente. Pour plus d\u2019informations contactez contact.labotica@gmail.com [\/vc_column_text][\/vc_column][\/vc_row][vc_row][vc_column][vc_raw_js]JTVCV1BTTV9BQyUyMGlkJTNEMjM4OSU1RA==[\/vc_raw_js][\/vc_column][\/vc_row][vc_row][vc_column][\/vc_column][\/vc_row][vc_row][vc_column][\/vc_column][\/vc_row][vc_row][vc_column][\/vc_column][\/vc_row][vc_row][vc_column][vc_empty_space height=\u00a0\u00bb130px\u00a0\u00bb][\/vc_column][\/vc_row][vc_row][vc_column][vc_raw_js]JTVCV1BTTV9BQyUyMGlkJTNEMjM4NSU1RA==[\/vc_raw_js][\/vc_column][\/vc_row][vc_row][vc_column][\/vc_column][\/vc_row]<\/p>\n","protected":false},"author":1,"featured_media":0,"parent":0,"menu_order":0,"comment_status":"closed","ping_status":"closed","template":"","meta":[],"_links":{"self":[{"href":"http:\/\/labotica.fr\/site\/wp-json\/wp\/v2\/pages\/2305"}],"collection":[{"href":"http:\/\/labotica.fr\/site\/wp-json\/wp\/v2\/pages"}],"about":[{"href":"http:\/\/labotica.fr\/site\/wp-json\/wp\/v2\/types\/page"}],"author":[{"embeddable":true,"href":"http:\/\/labotica.fr\/site\/wp-json\/wp\/v2\/users\/1"}],"replies":[{"embeddable":true,"href":"http:\/\/labotica.fr\/site\/wp-json\/wp\/v2\/comments?post=2305"}],"version-history":[{"count":14,"href":"http:\/\/labotica.fr\/site\/wp-json\/wp\/v2\/pages\/2305\/revisions"}],"predecessor-version":[{"id":2846,"href":"http:\/\/labotica.fr\/site\/wp-json\/wp\/v2\/pages\/2305\/revisions\/2846"}],"wp:attachment":[{"href":"http:\/\/labotica.fr\/site\/wp-json\/wp\/v2\/media?parent=2305"}],"curies":[{"name":"wp","href":"https:\/\/api.w.org\/{rel}","templated":true}]}}