{"id":1835,"date":"2021-03-25T10:52:07","date_gmt":"2021-03-25T09:52:07","guid":{"rendered":"http:\/\/labotica.fr\/site\/?page_id=1835"},"modified":"2021-05-27T12:53:05","modified_gmt":"2021-05-27T11:53:05","slug":"bruno-laforestrie","status":"publish","type":"page","link":"http:\/\/labotica.fr\/site\/bruno-laforestrie\/","title":{"rendered":"BRUNO LAFORESTRIE"},"content":{"rendered":"<p>[vc_row][vc_column][vc_column_text]<img decoding=\"async\" loading=\"lazy\" class=\"wp-image-1686 size-medium aligncenter\" src=\"http:\/\/labotica.fr\/site\/wp-content\/uploads\/2021\/03\/Bruno-Laforestrie-Ic\u00f4ne-1-site-carr\u00e9-300x300.png\" alt=\"\" width=\"300\" height=\"300\" srcset=\"http:\/\/labotica.fr\/site\/wp-content\/uploads\/2021\/03\/Bruno-Laforestrie-Ic\u00f4ne-1-site-carr\u00e9-300x300.png 300w, http:\/\/labotica.fr\/site\/wp-content\/uploads\/2021\/03\/Bruno-Laforestrie-Ic\u00f4ne-1-site-carr\u00e9-150x150.png 150w, http:\/\/labotica.fr\/site\/wp-content\/uploads\/2021\/03\/Bruno-Laforestrie-Ic\u00f4ne-1-site-carr\u00e9-768x768.png 768w, http:\/\/labotica.fr\/site\/wp-content\/uploads\/2021\/03\/Bruno-Laforestrie-Ic\u00f4ne-1-site-carr\u00e9-1024x1024.png 1024w, http:\/\/labotica.fr\/site\/wp-content\/uploads\/2021\/03\/Bruno-Laforestrie-Ic\u00f4ne-1-site-carr\u00e9-435x435.png 435w, http:\/\/labotica.fr\/site\/wp-content\/uploads\/2021\/03\/Bruno-Laforestrie-Ic\u00f4ne-1-site-carr\u00e9-60x60.png 60w, http:\/\/labotica.fr\/site\/wp-content\/uploads\/2021\/03\/Bruno-Laforestrie-Ic\u00f4ne-1-site-carr\u00e9.png 1080w\" sizes=\"(max-width: 300px) 100vw, 300px\" \/><\/p>\n<p style=\"text-align: center;\"><span class=\"js-ProductSummary-truncate is-truncated\">Un spectre hante la France : le cannabis. Une plante devenue or vert, si\u00a0 connue, si m\u00e9connue. Les m\u00e9dias en d\u00e9cortiquent l\u2019\u00e9conomie, les effets\u00a0 sur la sant\u00e9, son impact s\u00e9curitaire, mais de mani\u00e8re paradoxale, tout\u00a0 d\u00e9bat \u00e0 son sujet se cl\u00f4t imm\u00e9diatement.<br \/>\nCar le cannabis est la honte de la R\u00e9publique.<br \/>\nPrendre conscience de cet immense tabou serait le premier acte d\u2019une\u00a0 r\u00e9volution, pour agir, enfin, face \u00e0 l\u2019urgence sanitaire et la situation\u00a0 de la jeunesse en France.<\/span><\/p>\n<p>[\/vc_column_text][\/vc_column][\/vc_row][vc_row][vc_column][vc_empty_space][\/vc_column][\/vc_row][vc_row][vc_column][vc_column_text]<\/p>\n<p style=\"text-align: center;\">Toutes les pi\u00e8ces et \u0153uvres peuvent \u00eatre command\u00e9es en nous \u00e9crivant \u00e0 <a href=\"mailto:covadonga.labotica@gmail.com\">covadonga.labotica@gmail.com<\/a> \/ <a href=\"mailto:contact.labotica@gmail.com\">contact.labotica@gmail.com<\/a> ou via nos r\u00e9seaux sociaux.<\/p>\n<p>[\/vc_column_text][\/vc_column][\/vc_row][vc_row][vc_column width=\u00a0\u00bb1\/2&Prime;][vc_single_image image=\u00a0\u00bb1885&Prime; img_size=\u00a0\u00bbmedium\u00a0\u00bb css_animation=\u00a0\u00bbrotateInDownLeft\u00a0\u00bb][\/vc_column][vc_column width=\u00a0\u00bb1\/2&Prime;][vc_custom_heading text=\u00a0\u00bbHasch, la honte de la R\u00e9publique\u00a0\u00bb use_theme_fonts=\u00a0\u00bbyes\u00a0\u00bb][vc_column_text][\/vc_column_text][vc_column_text]14,90\u20ac[\/vc_column_text][\/vc_column][\/vc_row]<\/p>\n","protected":false},"excerpt":{"rendered":"<p>[vc_row][vc_column][vc_column_text] Un spectre hante la France : le cannabis. Une plante devenue or vert, si\u00a0 connue, si m\u00e9connue. Les m\u00e9dias en d\u00e9cortiquent l\u2019\u00e9conomie, les effets\u00a0 sur la sant\u00e9, son impact s\u00e9curitaire, mais de mani\u00e8re paradoxale, tout\u00a0 d\u00e9bat \u00e0 son sujet se cl\u00f4t imm\u00e9diatement. Car le cannabis est la honte de la R\u00e9publique. Prendre conscience de &hellip; <\/p>\n","protected":false},"author":1,"featured_media":0,"parent":0,"menu_order":0,"comment_status":"closed","ping_status":"closed","template":"","meta":[],"_links":{"self":[{"href":"http:\/\/labotica.fr\/site\/wp-json\/wp\/v2\/pages\/1835"}],"collection":[{"href":"http:\/\/labotica.fr\/site\/wp-json\/wp\/v2\/pages"}],"about":[{"href":"http:\/\/labotica.fr\/site\/wp-json\/wp\/v2\/types\/page"}],"author":[{"embeddable":true,"href":"http:\/\/labotica.fr\/site\/wp-json\/wp\/v2\/users\/1"}],"replies":[{"embeddable":true,"href":"http:\/\/labotica.fr\/site\/wp-json\/wp\/v2\/comments?post=1835"}],"version-history":[{"count":6,"href":"http:\/\/labotica.fr\/site\/wp-json\/wp\/v2\/pages\/1835\/revisions"}],"predecessor-version":[{"id":2636,"href":"http:\/\/labotica.fr\/site\/wp-json\/wp\/v2\/pages\/1835\/revisions\/2636"}],"wp:attachment":[{"href":"http:\/\/labotica.fr\/site\/wp-json\/wp\/v2\/media?parent=1835"}],"curies":[{"name":"wp","href":"https:\/\/api.w.org\/{rel}","templated":true}]}}