{"id":1819,"date":"2021-03-31T15:09:48","date_gmt":"2021-03-31T14:09:48","guid":{"rendered":"http:\/\/labotica.fr\/site\/?page_id=1819"},"modified":"2021-05-27T12:12:02","modified_gmt":"2021-05-27T11:12:02","slug":"feekfeek","status":"publish","type":"page","link":"http:\/\/labotica.fr\/site\/feekfeek\/","title":{"rendered":"FEEK FEEK"},"content":{"rendered":"<p>[vc_row][vc_column][vc_column_text]<img decoding=\"async\" loading=\"lazy\" class=\"aligncenter wp-image-1753 size-medium\" src=\"http:\/\/labotica.fr\/site\/wp-content\/uploads\/2021\/03\/Feek-Feek-Ic\u00f4nes-pour-le-site-carr\u00e9-300x300.png\" alt=\"\" width=\"300\" height=\"300\" srcset=\"http:\/\/labotica.fr\/site\/wp-content\/uploads\/2021\/03\/Feek-Feek-Ic\u00f4nes-pour-le-site-carr\u00e9-300x300.png 300w, http:\/\/labotica.fr\/site\/wp-content\/uploads\/2021\/03\/Feek-Feek-Ic\u00f4nes-pour-le-site-carr\u00e9-150x150.png 150w, http:\/\/labotica.fr\/site\/wp-content\/uploads\/2021\/03\/Feek-Feek-Ic\u00f4nes-pour-le-site-carr\u00e9-768x768.png 768w, http:\/\/labotica.fr\/site\/wp-content\/uploads\/2021\/03\/Feek-Feek-Ic\u00f4nes-pour-le-site-carr\u00e9-1024x1024.png 1024w, http:\/\/labotica.fr\/site\/wp-content\/uploads\/2021\/03\/Feek-Feek-Ic\u00f4nes-pour-le-site-carr\u00e9-435x435.png 435w, http:\/\/labotica.fr\/site\/wp-content\/uploads\/2021\/03\/Feek-Feek-Ic\u00f4nes-pour-le-site-carr\u00e9-60x60.png 60w, http:\/\/labotica.fr\/site\/wp-content\/uploads\/2021\/03\/Feek-Feek-Ic\u00f4nes-pour-le-site-carr\u00e9.png 1080w\" sizes=\"(max-width: 300px) 100vw, 300px\" \/><\/p>\n<p style=\"text-align: center;\">Anciennement connu sous le pseudonyme Feak 2, ce street artist commence sa carri\u00e8re par le graffiti dans les ann\u00e9es 90 au sein du HG Crew. Feek Feek exp\u00e9rimente depuis avec diff\u00e9rents m\u00e9diums, notamment le plastique, les r\u00e9sines, le PVC&#8230;<\/p>\n<p>[\/vc_column_text][\/vc_column][\/vc_row][vc_row][vc_column][vc_column_text]<\/p>\n<p style=\"text-align: center;\">Toutes les pi\u00e8ces et \u0153uvres peuvent \u00eatre command\u00e9es en nous \u00e9crivant \u00e0 <a href=\"mailto:covadonga.labotica@gmail.com\">covadonga.labotica@gmail.com<\/a> \/ <a href=\"mailto:contact.labotica@gmail.com\">contact.labotica@gmail.com<\/a> ou via nos r\u00e9seaux sociaux.<\/p>\n<p>[\/vc_column_text][\/vc_column][\/vc_row][vc_row][vc_column width=\u00a0\u00bb1\/2&Prime;][vc_single_image image=\u00a0\u00bb1962&Prime; img_size=\u00a0\u00bbmedium\u00a0\u00bb css_animation=\u00a0\u00bbrotateInDownLeft\u00a0\u00bb][\/vc_column][vc_column width=\u00a0\u00bb1\/2&Prime;][vc_custom_heading text=\u00a0\u00bb\u00a0\u00bb use_theme_fonts=\u00a0\u00bbyes\u00a0\u00bb][vc_column_text][\/vc_column_text][vc_column_text]180\u20ac[\/vc_column_text][\/vc_column][\/vc_row][vc_row][vc_column width=\u00a0\u00bb1\/2&Prime;][vc_single_image image=\u00a0\u00bb1961&Prime; img_size=\u00a0\u00bbmedium\u00a0\u00bb css_animation=\u00a0\u00bbrotateInDownLeft\u00a0\u00bb][\/vc_column][vc_column width=\u00a0\u00bb1\/2&Prime;][vc_custom_heading text=\u00a0\u00bb\u00a0\u00bb use_theme_fonts=\u00a0\u00bbyes\u00a0\u00bb][vc_column_text][\/vc_column_text][vc_column_text]150\u20ac[\/vc_column_text][\/vc_column][\/vc_row][vc_row][vc_column width=\u00a0\u00bb1\/2&Prime;][vc_single_image image=\u00a0\u00bb1960&Prime; img_size=\u00a0\u00bbmedium\u00a0\u00bb css_animation=\u00a0\u00bbrotateInDownLeft\u00a0\u00bb][\/vc_column][vc_column width=\u00a0\u00bb1\/2&Prime;][vc_custom_heading text=\u00a0\u00bb\u00a0\u00bb use_theme_fonts=\u00a0\u00bbyes\u00a0\u00bb][vc_column_text][\/vc_column_text][vc_column_text]180\u20ac[\/vc_column_text][\/vc_column][\/vc_row][vc_row][vc_column width=\u00a0\u00bb1\/2&Prime;][vc_single_image image=\u00a0\u00bb1963&Prime; img_size=\u00a0\u00bbmedium\u00a0\u00bb css_animation=\u00a0\u00bbrotateInDownLeft\u00a0\u00bb][\/vc_column][vc_column width=\u00a0\u00bb1\/2&Prime;][vc_custom_heading text=\u00a0\u00bbCollaborations\u00a0\u00bb use_theme_fonts=\u00a0\u00bbyes\u00a0\u00bb][vc_column_text]Feek Feek &amp; Ilan Weinmann[\/vc_column_text][vc_column_text]265\u20ac[\/vc_column_text][\/vc_column][\/vc_row][vc_row][vc_column width=\u00a0\u00bb1\/2&Prime;][vc_single_image image=\u00a0\u00bb2011&Prime; img_size=\u00a0\u00bbmedium\u00a0\u00bb css_animation=\u00a0\u00bbrotateInDownLeft\u00a0\u00bb][\/vc_column][vc_column width=\u00a0\u00bb1\/2&Prime;][vc_column_text]Feek Feek &amp; Team GBODV 319[\/vc_column_text][vc_column_text]265\u20ac[\/vc_column_text][\/vc_column][\/vc_row][vc_row][vc_column width=\u00a0\u00bb1\/2&Prime;][vc_single_image image=\u00a0\u00bb2010&Prime; img_size=\u00a0\u00bbmedium\u00a0\u00bb css_animation=\u00a0\u00bbrotateInDownLeft\u00a0\u00bb][\/vc_column][vc_column width=\u00a0\u00bb1\/2&Prime;][vc_column_text]Feek Feek &amp; Megamagone[\/vc_column_text][vc_column_text]265\u20ac[\/vc_column_text][\/vc_column][\/vc_row]<\/p>\n","protected":false},"excerpt":{"rendered":"<p>[vc_row][vc_column][vc_column_text] Anciennement connu sous le pseudonyme Feak 2, ce street artist commence sa carri\u00e8re par le graffiti dans les ann\u00e9es 90 au sein du HG Crew. Feek Feek exp\u00e9rimente depuis avec diff\u00e9rents m\u00e9diums, notamment le plastique, les r\u00e9sines, le PVC&#8230; [\/vc_column_text][\/vc_column][\/vc_row][vc_row][vc_column][vc_column_text] Toutes les pi\u00e8ces et \u0153uvres peuvent \u00eatre command\u00e9es en nous \u00e9crivant \u00e0 covadonga.labotica@gmail.com \/ &hellip; <\/p>\n","protected":false},"author":1,"featured_media":0,"parent":0,"menu_order":0,"comment_status":"closed","ping_status":"closed","template":"","meta":[],"_links":{"self":[{"href":"http:\/\/labotica.fr\/site\/wp-json\/wp\/v2\/pages\/1819"}],"collection":[{"href":"http:\/\/labotica.fr\/site\/wp-json\/wp\/v2\/pages"}],"about":[{"href":"http:\/\/labotica.fr\/site\/wp-json\/wp\/v2\/types\/page"}],"author":[{"embeddable":true,"href":"http:\/\/labotica.fr\/site\/wp-json\/wp\/v2\/users\/1"}],"replies":[{"embeddable":true,"href":"http:\/\/labotica.fr\/site\/wp-json\/wp\/v2\/comments?post=1819"}],"version-history":[{"count":10,"href":"http:\/\/labotica.fr\/site\/wp-json\/wp\/v2\/pages\/1819\/revisions"}],"predecessor-version":[{"id":2623,"href":"http:\/\/labotica.fr\/site\/wp-json\/wp\/v2\/pages\/1819\/revisions\/2623"}],"wp:attachment":[{"href":"http:\/\/labotica.fr\/site\/wp-json\/wp\/v2\/media?parent=1819"}],"curies":[{"name":"wp","href":"https:\/\/api.w.org\/{rel}","templated":true}]}}