{"id":1817,"date":"2021-07-01T15:14:52","date_gmt":"2021-07-01T14:14:52","guid":{"rendered":"http:\/\/labotica.fr\/site\/?page_id=1817"},"modified":"2021-07-01T15:14:52","modified_gmt":"2021-07-01T14:14:52","slug":"oscar-galea","status":"publish","type":"page","link":"http:\/\/labotica.fr\/site\/oscar-galea\/","title":{"rendered":"OSCAR GALEA"},"content":{"rendered":"<p>[vc_row][vc_column][vc_column_text]<img decoding=\"async\" loading=\"lazy\" class=\"aligncenter wp-image-1758 size-medium\" src=\"http:\/\/labotica.fr\/site\/wp-content\/uploads\/2021\/03\/Oscar-Galea-Ic\u00f4nes-pour-le-site-carr\u00e9-300x300.png\" alt=\"\" width=\"300\" height=\"300\" srcset=\"http:\/\/labotica.fr\/site\/wp-content\/uploads\/2021\/03\/Oscar-Galea-Ic\u00f4nes-pour-le-site-carr\u00e9-300x300.png 300w, http:\/\/labotica.fr\/site\/wp-content\/uploads\/2021\/03\/Oscar-Galea-Ic\u00f4nes-pour-le-site-carr\u00e9-150x150.png 150w, http:\/\/labotica.fr\/site\/wp-content\/uploads\/2021\/03\/Oscar-Galea-Ic\u00f4nes-pour-le-site-carr\u00e9-768x768.png 768w, http:\/\/labotica.fr\/site\/wp-content\/uploads\/2021\/03\/Oscar-Galea-Ic\u00f4nes-pour-le-site-carr\u00e9-1024x1024.png 1024w, http:\/\/labotica.fr\/site\/wp-content\/uploads\/2021\/03\/Oscar-Galea-Ic\u00f4nes-pour-le-site-carr\u00e9-435x435.png 435w, http:\/\/labotica.fr\/site\/wp-content\/uploads\/2021\/03\/Oscar-Galea-Ic\u00f4nes-pour-le-site-carr\u00e9-60x60.png 60w, http:\/\/labotica.fr\/site\/wp-content\/uploads\/2021\/03\/Oscar-Galea-Ic\u00f4nes-pour-le-site-carr\u00e9.png 1080w\" sizes=\"(max-width: 300px) 100vw, 300px\" \/><\/p>\n<p style=\"text-align: center;\">Les bijoux d\u2019Oscar Galea synth\u00e9tisent, l\u2019art, la recherche d\u2019innovation et le savoir-faire.<\/p>\n<p style=\"text-align: center;\">Oscar travaille exclusivement avec un alliage de magn\u00e9sium et d\u2019aluminium, tr\u00e8s utilis\u00e9 dans l\u2019industrie a\u00e9ronautique. Cela conf\u00e8re \u00e0 ses pi\u00e8ces une \u00e9l\u00e9gance rare et inhabituelle.<\/p>\n<p style=\"text-align: center;\">Ce mat\u00e9riau fabuleux ne provoque aucune r\u00e9action au contact de la peau et ne s\u2019oxyde pas. Les bijoux d\u2019Oscar Galea sont une sensation moderne et intemporelle qui s\u00e9duit \u00e0 la fois l\u2019homme et la femme.<\/p>\n<p style=\"text-align: center;\">Ses ont des lignes \u00e9pur\u00e9es, avec des unit\u00e9s subtiles et modulaires qui suivent les mouvements sublimes du corps.<\/p>\n<p style=\"text-align: center;\">Oscar partage sa vision des bijoux contemporains sans chercher \u00e0 plaire \u00e0 tout prix, ni contraindre la cr\u00e9ativit\u00e9 aux tendances \u00e9ph\u00e9m\u00e8res. Ses pi\u00e8ces sont audacieuses et hors du commun.<\/p>\n<p>[\/vc_column_text][\/vc_column][\/vc_row]<\/p>\n","protected":false},"excerpt":{"rendered":"<p>[vc_row][vc_column][vc_column_text] Les bijoux d\u2019Oscar Galea synth\u00e9tisent, l\u2019art, la recherche d\u2019innovation et le savoir-faire. Oscar travaille exclusivement avec un alliage de magn\u00e9sium et d\u2019aluminium, tr\u00e8s utilis\u00e9 dans l\u2019industrie a\u00e9ronautique. Cela conf\u00e8re \u00e0 ses pi\u00e8ces une \u00e9l\u00e9gance rare et inhabituelle. Ce mat\u00e9riau fabuleux ne provoque aucune r\u00e9action au contact de la peau et ne s\u2019oxyde pas. Les &hellip; <\/p>\n","protected":false},"author":1,"featured_media":0,"parent":0,"menu_order":0,"comment_status":"closed","ping_status":"closed","template":"","meta":[],"_links":{"self":[{"href":"http:\/\/labotica.fr\/site\/wp-json\/wp\/v2\/pages\/1817"}],"collection":[{"href":"http:\/\/labotica.fr\/site\/wp-json\/wp\/v2\/pages"}],"about":[{"href":"http:\/\/labotica.fr\/site\/wp-json\/wp\/v2\/types\/page"}],"author":[{"embeddable":true,"href":"http:\/\/labotica.fr\/site\/wp-json\/wp\/v2\/users\/1"}],"replies":[{"embeddable":true,"href":"http:\/\/labotica.fr\/site\/wp-json\/wp\/v2\/comments?post=1817"}],"version-history":[{"count":2,"href":"http:\/\/labotica.fr\/site\/wp-json\/wp\/v2\/pages\/1817\/revisions"}],"predecessor-version":[{"id":2730,"href":"http:\/\/labotica.fr\/site\/wp-json\/wp\/v2\/pages\/1817\/revisions\/2730"}],"wp:attachment":[{"href":"http:\/\/labotica.fr\/site\/wp-json\/wp\/v2\/media?parent=1817"}],"curies":[{"name":"wp","href":"https:\/\/api.w.org\/{rel}","templated":true}]}}