{"id":1815,"date":"2021-03-24T18:35:56","date_gmt":"2021-03-24T17:35:56","guid":{"rendered":"http:\/\/labotica.fr\/site\/?page_id=1815"},"modified":"2021-05-27T11:51:52","modified_gmt":"2021-05-27T10:51:52","slug":"mamaplata","status":"publish","type":"page","link":"http:\/\/labotica.fr\/site\/mamaplata\/","title":{"rendered":"MAMAPLATA"},"content":{"rendered":"<p>[vc_row][vc_column][vc_column_text]<img decoding=\"async\" loading=\"lazy\" class=\"wp-image-1756 size-medium aligncenter\" src=\"http:\/\/labotica.fr\/site\/wp-content\/uploads\/2021\/03\/Mamaplata-Ic\u00f4nes-pour-le-site-carr\u00e9-300x300.png\" alt=\"\" width=\"300\" height=\"300\" srcset=\"http:\/\/labotica.fr\/site\/wp-content\/uploads\/2021\/03\/Mamaplata-Ic\u00f4nes-pour-le-site-carr\u00e9-300x300.png 300w, http:\/\/labotica.fr\/site\/wp-content\/uploads\/2021\/03\/Mamaplata-Ic\u00f4nes-pour-le-site-carr\u00e9-150x150.png 150w, http:\/\/labotica.fr\/site\/wp-content\/uploads\/2021\/03\/Mamaplata-Ic\u00f4nes-pour-le-site-carr\u00e9-768x768.png 768w, http:\/\/labotica.fr\/site\/wp-content\/uploads\/2021\/03\/Mamaplata-Ic\u00f4nes-pour-le-site-carr\u00e9-1024x1024.png 1024w, http:\/\/labotica.fr\/site\/wp-content\/uploads\/2021\/03\/Mamaplata-Ic\u00f4nes-pour-le-site-carr\u00e9-435x435.png 435w, http:\/\/labotica.fr\/site\/wp-content\/uploads\/2021\/03\/Mamaplata-Ic\u00f4nes-pour-le-site-carr\u00e9-60x60.png 60w, http:\/\/labotica.fr\/site\/wp-content\/uploads\/2021\/03\/Mamaplata-Ic\u00f4nes-pour-le-site-carr\u00e9.png 1080w\" sizes=\"(max-width: 300px) 100vw, 300px\" \/><br \/>\n[\/vc_column_text][\/vc_column][\/vc_row][vc_row][vc_column][vc_column_text]<\/p>\n<p style=\"text-align: center;\">Toutes les pi\u00e8ces et \u0153uvres peuvent \u00eatre command\u00e9es en nous \u00e9crivant \u00e0 <a href=\"mailto:covadonga.labotica@gmail.com\">covadonga.labotica@gmail.com<\/a> \/ <a href=\"mailto:contact.labotica@gmail.com\">contact.labotica@gmail.com<\/a> ou via nos r\u00e9seaux sociaux.<\/p>\n<p>[\/vc_column_text][\/vc_column][\/vc_row][vc_row][vc_column width=\u00a0\u00bb1\/2&Prime;][vc_single_image image=\u00a0\u00bb1878&Prime; img_size=\u00a0\u00bbmedium\u00a0\u00bb css_animation=\u00a0\u00bbrotateInDownLeft\u00a0\u00bb][\/vc_column][vc_column width=\u00a0\u00bb1\/2&Prime;][vc_custom_heading text=\u00a0\u00bbBaleine (Collier)\u00a0\u00bb use_theme_fonts=\u00a0\u00bbyes\u00a0\u00bb][vc_column_text][\/vc_column_text][vc_column_text]100\u20ac[\/vc_column_text][\/vc_column][\/vc_row][vc_row][vc_column width=\u00a0\u00bb1\/2&Prime;][vc_single_image image=\u00a0\u00bb1879&Prime; img_size=\u00a0\u00bbmedium\u00a0\u00bb css_animation=\u00a0\u00bbrotateInDownLeft\u00a0\u00bb][\/vc_column][vc_column width=\u00a0\u00bb1\/2&Prime;][vc_custom_heading text=\u00a0\u00bbBateau (Collier)\u00a0\u00bb use_theme_fonts=\u00a0\u00bbyes\u00a0\u00bb][vc_column_text][\/vc_column_text][vc_column_text]95\u20ac[\/vc_column_text][\/vc_column][\/vc_row][vc_row][vc_column width=\u00a0\u00bb1\/2&Prime;][vc_single_image image=\u00a0\u00bb1880&Prime; img_size=\u00a0\u00bbmedium\u00a0\u00bb css_animation=\u00a0\u00bbrotateInDownLeft\u00a0\u00bb][\/vc_column][vc_column width=\u00a0\u00bb1\/2&Prime;][vc_custom_heading text=\u00a0\u00bbBoucles d&rsquo;oreilles\u00a0\u00bb use_theme_fonts=\u00a0\u00bbyes\u00a0\u00bb][vc_column_text][\/vc_column_text][vc_column_text]70\u20ac[\/vc_column_text][\/vc_column][\/vc_row]<\/p>\n","protected":false},"excerpt":{"rendered":"<p>[vc_row][vc_column][vc_column_text] [\/vc_column_text][\/vc_column][\/vc_row][vc_row][vc_column][vc_column_text] Toutes les pi\u00e8ces et \u0153uvres peuvent \u00eatre command\u00e9es en nous \u00e9crivant \u00e0 covadonga.labotica@gmail.com \/ contact.labotica@gmail.com ou via nos r\u00e9seaux sociaux. [\/vc_column_text][\/vc_column][\/vc_row][vc_row][vc_column width=\u00a0\u00bb1\/2&Prime;][vc_single_image image=\u00a0\u00bb1878&Prime; img_size=\u00a0\u00bbmedium\u00a0\u00bb css_animation=\u00a0\u00bbrotateInDownLeft\u00a0\u00bb][\/vc_column][vc_column width=\u00a0\u00bb1\/2&Prime;][vc_custom_heading text=\u00a0\u00bbBaleine (Collier)\u00a0\u00bb use_theme_fonts=\u00a0\u00bbyes\u00a0\u00bb][vc_column_text][\/vc_column_text][vc_column_text]100\u20ac[\/vc_column_text][\/vc_column][\/vc_row][vc_row][vc_column width=\u00a0\u00bb1\/2&Prime;][vc_single_image image=\u00a0\u00bb1879&Prime; img_size=\u00a0\u00bbmedium\u00a0\u00bb css_animation=\u00a0\u00bbrotateInDownLeft\u00a0\u00bb][\/vc_column][vc_column width=\u00a0\u00bb1\/2&Prime;][vc_custom_heading text=\u00a0\u00bbBateau (Collier)\u00a0\u00bb use_theme_fonts=\u00a0\u00bbyes\u00a0\u00bb][vc_column_text][\/vc_column_text][vc_column_text]95\u20ac[\/vc_column_text][\/vc_column][\/vc_row][vc_row][vc_column width=\u00a0\u00bb1\/2&Prime;][vc_single_image image=\u00a0\u00bb1880&Prime; img_size=\u00a0\u00bbmedium\u00a0\u00bb css_animation=\u00a0\u00bbrotateInDownLeft\u00a0\u00bb][\/vc_column][vc_column width=\u00a0\u00bb1\/2&Prime;][vc_custom_heading text=\u00a0\u00bbBoucles d&rsquo;oreilles\u00a0\u00bb use_theme_fonts=\u00a0\u00bbyes\u00a0\u00bb][vc_column_text][\/vc_column_text][vc_column_text]70\u20ac[\/vc_column_text][\/vc_column][\/vc_row]<\/p>\n","protected":false},"author":1,"featured_media":0,"parent":0,"menu_order":0,"comment_status":"closed","ping_status":"closed","template":"","meta":[],"_links":{"self":[{"href":"http:\/\/labotica.fr\/site\/wp-json\/wp\/v2\/pages\/1815"}],"collection":[{"href":"http:\/\/labotica.fr\/site\/wp-json\/wp\/v2\/pages"}],"about":[{"href":"http:\/\/labotica.fr\/site\/wp-json\/wp\/v2\/types\/page"}],"author":[{"embeddable":true,"href":"http:\/\/labotica.fr\/site\/wp-json\/wp\/v2\/users\/1"}],"replies":[{"embeddable":true,"href":"http:\/\/labotica.fr\/site\/wp-json\/wp\/v2\/comments?post=1815"}],"version-history":[{"count":5,"href":"http:\/\/labotica.fr\/site\/wp-json\/wp\/v2\/pages\/1815\/revisions"}],"predecessor-version":[{"id":2612,"href":"http:\/\/labotica.fr\/site\/wp-json\/wp\/v2\/pages\/1815\/revisions\/2612"}],"wp:attachment":[{"href":"http:\/\/labotica.fr\/site\/wp-json\/wp\/v2\/media?parent=1815"}],"curies":[{"name":"wp","href":"https:\/\/api.w.org\/{rel}","templated":true}]}}