{"id":1705,"date":"2021-03-17T12:58:02","date_gmt":"2021-03-17T11:58:02","guid":{"rendered":"http:\/\/labotica.fr\/site\/?page_id=1705"},"modified":"2021-05-10T15:23:56","modified_gmt":"2021-05-10T14:23:56","slug":"forets-en-captivite-par-fleur-blume","status":"publish","type":"page","link":"http:\/\/labotica.fr\/site\/forets-en-captivite-par-fleur-blume\/","title":{"rendered":"For\u00eats en Captivit\u00e9 par Fleur Blume"},"content":{"rendered":"<p>[vc_row][vc_column][vc_column_text]<strong>For\u00eats en Captivit\u00e9<\/strong> par <strong>Fleur Blume<\/strong>, \u00e0 <strong>La Botica<\/strong> du <strong>28 F\u00e9vrier<\/strong> au <strong>29 Mars 2020<\/strong>[\/vc_column_text][\/vc_column][\/vc_row][vc_row][vc_column][vc_btn title=\u00a0\u00bbCliquer pour voir les \u0153uvres en vente\u00a0\u00bb style=\u00a0\u00bb3d\u00a0\u00bb shape=\u00a0\u00bbsquare\u00a0\u00bb color=\u00a0\u00bbblack\u00a0\u00bb align=\u00a0\u00bbcenter\u00a0\u00bb link=\u00a0\u00bburl:http%3A%2F%2Flabotica.fr%2Fsite%2Ffleur-blume%2F|||\u00a0\u00bb][\/vc_column][\/vc_row][vc_row][vc_column][vc_single_image image=\u00a0\u00bb1711&Prime; img_size=\u00a0\u00bbmedium\u00a0\u00bb alignment=\u00a0\u00bbcenter\u00a0\u00bb][\/vc_column][\/vc_row][vc_row][vc_column][vc_column_text]<strong>Biographie<\/strong><\/p>\n<p>N\u00e9e dans le Sud de la France et apr\u00e8s avoir \u00e9tudi\u00e9 les Beaux-Arts \u00e0 Paris, Fleur BLUME est aujourd\u2019hui une artiste compl\u00e8te qui tente d\u2019exprimer des sentiments crus \u00e0 travers ses peintures. Les exp\u00e9riences de b\u00e9n\u00e9volat en prison et son histoire personnelle ont transform\u00e9 son style en le rendant plus sombre. Il vise \u00e0 faire la lumi\u00e8re sur l\u2019obscurit\u00e9 de la d\u00e9tention en prison. Elle s\u2019est lib\u00e9r\u00e9e des r\u00e8gles quand elle est arriv\u00e9e \u00e0 New-York en concevant des d\u00e9cors pour Broadway. De retour en France, elle n\u2019aura plus la m\u00eame vision de sa carri\u00e8re artistique et d\u00e9couvrira alors ce que signifie \u00eatre accro au street art. Barcelone, Mexico, Casablanca, Belgrade, elle parcourt le monde pour trouver de nouveaux endroits et laisser sa marque. Son style organique et brut, sa pr\u00e9sence dans ses \u0153uvres questionne autant qu\u2019elle fascine.<\/p>\n<p>L\u2019artiste exprime son histoire mais aussi celle des autres. En ayant anim\u00e9 un atelier socio-culturel via le G<span class=\"ILfuVd\"><span class=\"hgKElc\">\u00c9<\/span><\/span>N<span class=\"ILfuVd\"><span class=\"hgKElc\">\u00c9<\/span><\/span>PI dans l\u2019enceinte d\u2019une prison, elle comprendra mieux ce que son compagnon d\u2019\u00e9poque incarc\u00e9r\u00e9 ressentait mais aussi ce que l\u2019impact d\u2019une personne non accompagn\u00e9e en d\u00e9tention peut engendrer.[\/vc_column_text][\/vc_column][\/vc_row][vc_row][vc_column][vc_column_text]<\/p>\n<div style=\"width: 720px;\" class=\"wp-video\"><!--[if lt IE 9]><script>document.createElement('video');<\/script><![endif]-->\n<video class=\"wp-video-shortcode\" id=\"video-1705-1\" width=\"720\" height=\"406\" preload=\"metadata\" controls=\"controls\"><source type=\"video\/mp4\" src=\"http:\/\/labotica.fr\/site\/wp-content\/uploads\/2021\/03\/vid\u00e9o-fleur-3.mp4?_=1\" \/><a href=\"http:\/\/labotica.fr\/site\/wp-content\/uploads\/2021\/03\/vid\u00e9o-fleur-3.mp4\">http:\/\/labotica.fr\/site\/wp-content\/uploads\/2021\/03\/vid\u00e9o-fleur-3.mp4<\/a><\/video><\/div>\n<p>[\/vc_column_text][\/vc_column][\/vc_row][vc_row][vc_column width=\u00a0\u00bb1\/2&Prime;][vc_single_image image=\u00a0\u00bb1720&Prime; img_size=\u00a0\u00bbmedium\u00a0\u00bb alignment=\u00a0\u00bbcenter\u00a0\u00bb][\/vc_column][vc_column width=\u00a0\u00bb1\/2&Prime;][vc_single_image image=\u00a0\u00bb1710&Prime; img_size=\u00a0\u00bbmedium\u00a0\u00bb alignment=\u00a0\u00bbcenter\u00a0\u00bb][\/vc_column][\/vc_row]<\/p>\n","protected":false},"excerpt":{"rendered":"<p>[vc_row][vc_column][vc_column_text]For\u00eats en Captivit\u00e9 par Fleur Blume, \u00e0 La Botica du 28 F\u00e9vrier au 29 Mars 2020[\/vc_column_text][\/vc_column][\/vc_row][vc_row][vc_column][vc_btn title=\u00a0\u00bbCliquer pour voir les \u0153uvres en vente\u00a0\u00bb style=\u00a0\u00bb3d\u00a0\u00bb shape=\u00a0\u00bbsquare\u00a0\u00bb color=\u00a0\u00bbblack\u00a0\u00bb align=\u00a0\u00bbcenter\u00a0\u00bb link=\u00a0\u00bburl:http%3A%2F%2Flabotica.fr%2Fsite%2Ffleur-blume%2F|||\u00a0\u00bb][\/vc_column][\/vc_row][vc_row][vc_column][vc_single_image image=\u00a0\u00bb1711&Prime; img_size=\u00a0\u00bbmedium\u00a0\u00bb alignment=\u00a0\u00bbcenter\u00a0\u00bb][\/vc_column][\/vc_row][vc_row][vc_column][vc_column_text]Biographie N\u00e9e dans le Sud de la France et apr\u00e8s avoir \u00e9tudi\u00e9 les Beaux-Arts \u00e0 Paris, Fleur BLUME est aujourd\u2019hui une artiste compl\u00e8te qui tente &hellip; <\/p>\n","protected":false},"author":1,"featured_media":0,"parent":0,"menu_order":0,"comment_status":"closed","ping_status":"closed","template":"","meta":[],"_links":{"self":[{"href":"http:\/\/labotica.fr\/site\/wp-json\/wp\/v2\/pages\/1705"}],"collection":[{"href":"http:\/\/labotica.fr\/site\/wp-json\/wp\/v2\/pages"}],"about":[{"href":"http:\/\/labotica.fr\/site\/wp-json\/wp\/v2\/types\/page"}],"author":[{"embeddable":true,"href":"http:\/\/labotica.fr\/site\/wp-json\/wp\/v2\/users\/1"}],"replies":[{"embeddable":true,"href":"http:\/\/labotica.fr\/site\/wp-json\/wp\/v2\/comments?post=1705"}],"version-history":[{"count":22,"href":"http:\/\/labotica.fr\/site\/wp-json\/wp\/v2\/pages\/1705\/revisions"}],"predecessor-version":[{"id":2523,"href":"http:\/\/labotica.fr\/site\/wp-json\/wp\/v2\/pages\/1705\/revisions\/2523"}],"wp:attachment":[{"href":"http:\/\/labotica.fr\/site\/wp-json\/wp\/v2\/media?parent=1705"}],"curies":[{"name":"wp","href":"https:\/\/api.w.org\/{rel}","templated":true}]}}