{"id":17,"date":"2016-02-23T00:12:27","date_gmt":"2016-02-22T23:12:27","guid":{"rendered":"http:\/\/labotica.fr\/site\/?page_id=17"},"modified":"2021-07-21T11:24:50","modified_gmt":"2021-07-21T10:24:50","slug":"le-concept","status":"publish","type":"page","link":"http:\/\/labotica.fr\/site\/le-concept\/","title":{"rendered":"LE CONCEPT"},"content":{"rendered":"<p>La nouvelle <strong>Botica<\/strong> est un <strong>espace<\/strong> de 150 m\u00e8tres carr\u00e9s, <strong>vivant<\/strong>, modulable et \u00e9volutif, dans la continuit\u00e9 de deux premi\u00e8res qui ont pendant 9 ans, propos\u00e9 et soutenu les cr\u00e9ations de jeunes stylistes et artistes.<br \/>\nCe nouveau lieu est un \u00abAir-du-Temps\u00bb, un <strong>laboratoire<\/strong>, une <strong>galerie-store<\/strong>, un <strong>show room<\/strong>, un <strong>pop up cr\u00e9ateurs<\/strong>, un <strong>atelier<\/strong>, un lieu de <strong>d\u00e9couvertes culinaires<\/strong> et un mur ext\u00e9rieur d\u00e9di\u00e9 au <strong>Street Art<\/strong>. Elle est \u00e9galement une adresse pour des <strong>\u00e9v\u00e8nements<\/strong> ponctuels, r\u00e9guliers et <strong>privatisable<\/strong>, autour de <strong>tendances<\/strong> \u00e9manant de multiples <strong>univers cr\u00e9atifs<\/strong> et autres. <strong>La Botica<\/strong> est ouverte \u00e0 toute <strong>manifestation artistique<\/strong> accessible, libre et cr\u00e9ative. N\u2019h\u00e9sitez pas \u00e0 vous inscrire sur notre site pour rester inform\u00e9s ou <strong>participer<\/strong> \u00e0 l\u2019\u00e9volution du projet qui aura besoin de votre soutien pour son d\u00e9veloppement. \u00c0 tr\u00e8s bient\u00f4t, Covadonga &amp; Jean-Hugues.<\/p>\n<p>&nbsp;<\/p>\n<p><img decoding=\"async\" loading=\"lazy\" class=\"alignnone size-large wp-image-1270\" src=\"http:\/\/labotica.fr\/site\/wp-content\/uploads\/2021\/02\/IMG-0392-rogn\u00e9-1024x693.jpg\" alt=\"\" width=\"1020\" height=\"690\" srcset=\"http:\/\/labotica.fr\/site\/wp-content\/uploads\/2021\/02\/IMG-0392-rogn\u00e9-1024x693.jpg 1024w, http:\/\/labotica.fr\/site\/wp-content\/uploads\/2021\/02\/IMG-0392-rogn\u00e9-300x203.jpg 300w, http:\/\/labotica.fr\/site\/wp-content\/uploads\/2021\/02\/IMG-0392-rogn\u00e9-768x520.jpg 768w, http:\/\/labotica.fr\/site\/wp-content\/uploads\/2021\/02\/IMG-0392-rogn\u00e9-89x60.jpg 89w, http:\/\/labotica.fr\/site\/wp-content\/uploads\/2021\/02\/IMG-0392-rogn\u00e9.jpg 1982w\" sizes=\"(max-width: 1020px) 100vw, 1020px\" \/><\/p>\n<p>In the heart of Paris, near the famed P\u00e8re Lachaise Cemetery, the new <strong>La Botica<\/strong> occupies 1600 square feet of dynamic and versatile space. Keeping with the spirit of the first two <strong>La Botica <\/strong>which have promoted and supported the creations of young artists and designers for over 9 years. This new place reflects the fashion of the times, an Art Gallery\/Boutique, a show room, a pop up, a workshop, a place of culinary discoveries\u2026 an exterior wall dedicated to street art, serving as an experimental lab hosting both special and regularly-programmed events, and featuring trends from multiple creative horizons and can be <strong>privatised<\/strong>.<\/p>\n<p><strong>La Botica<\/strong> is now open. All artistic, cultural, and creative events are welcome here! Sign up on our site to stay up to date or to participate in this exciting project.<\/p>\n<p>Your support is important! Looking forward to hearing from you!<\/p>\n<p>&nbsp;<\/p>\n<p><img decoding=\"async\" loading=\"lazy\" class=\" wp-image-1268 alignleft\" src=\"http:\/\/labotica.fr\/site\/wp-content\/uploads\/2021\/02\/IMG-0385-rogn\u00e9-300x150.jpg\" alt=\"\" width=\"362\" height=\"181\" srcset=\"http:\/\/labotica.fr\/site\/wp-content\/uploads\/2021\/02\/IMG-0385-rogn\u00e9-300x150.jpg 300w, http:\/\/labotica.fr\/site\/wp-content\/uploads\/2021\/02\/IMG-0385-rogn\u00e9-768x384.jpg 768w, http:\/\/labotica.fr\/site\/wp-content\/uploads\/2021\/02\/IMG-0385-rogn\u00e9-1024x512.jpg 1024w, http:\/\/labotica.fr\/site\/wp-content\/uploads\/2021\/02\/IMG-0385-rogn\u00e9-120x60.jpg 120w, http:\/\/labotica.fr\/site\/wp-content\/uploads\/2021\/02\/IMG-0385-rogn\u00e9.jpg 1983w\" sizes=\"(max-width: 362px) 100vw, 362px\" \/><img decoding=\"async\" loading=\"lazy\" class=\"wp-image-1267 alignright\" src=\"http:\/\/labotica.fr\/site\/wp-content\/uploads\/2021\/02\/IMG-0384-rogn\u00e9-300x150.jpg\" alt=\"\" width=\"363\" height=\"174\" \/><\/p>\n","protected":false},"excerpt":{"rendered":"<p>La nouvelle Botica est un espace de 150 m\u00e8tres carr\u00e9s, vivant, modulable et \u00e9volutif, dans la continuit\u00e9 de deux premi\u00e8res qui ont pendant 9 ans, propos\u00e9 et soutenu les cr\u00e9ations de jeunes stylistes et artistes. Ce nouveau lieu est un \u00abAir-du-Temps\u00bb, un laboratoire, une galerie-store, un show room, un pop up cr\u00e9ateurs, un atelier, un &hellip; <\/p>\n","protected":false},"author":1,"featured_media":1269,"parent":0,"menu_order":0,"comment_status":"closed","ping_status":"closed","template":"","meta":[],"_links":{"self":[{"href":"http:\/\/labotica.fr\/site\/wp-json\/wp\/v2\/pages\/17"}],"collection":[{"href":"http:\/\/labotica.fr\/site\/wp-json\/wp\/v2\/pages"}],"about":[{"href":"http:\/\/labotica.fr\/site\/wp-json\/wp\/v2\/types\/page"}],"author":[{"embeddable":true,"href":"http:\/\/labotica.fr\/site\/wp-json\/wp\/v2\/users\/1"}],"replies":[{"embeddable":true,"href":"http:\/\/labotica.fr\/site\/wp-json\/wp\/v2\/comments?post=17"}],"version-history":[{"count":16,"href":"http:\/\/labotica.fr\/site\/wp-json\/wp\/v2\/pages\/17\/revisions"}],"predecessor-version":[{"id":2748,"href":"http:\/\/labotica.fr\/site\/wp-json\/wp\/v2\/pages\/17\/revisions\/2748"}],"wp:featuredmedia":[{"embeddable":true,"href":"http:\/\/labotica.fr\/site\/wp-json\/wp\/v2\/media\/1269"}],"wp:attachment":[{"href":"http:\/\/labotica.fr\/site\/wp-json\/wp\/v2\/media?parent=17"}],"curies":[{"name":"wp","href":"https:\/\/api.w.org\/{rel}","templated":true}]}}