{"id":1521,"date":"2021-03-09T14:39:28","date_gmt":"2021-03-09T13:39:28","guid":{"rendered":"http:\/\/labotica.fr\/site\/?page_id=1521"},"modified":"2021-05-27T12:01:04","modified_gmt":"2021-05-27T11:01:04","slug":"brook-sigal","status":"publish","type":"page","link":"http:\/\/labotica.fr\/site\/brook-sigal\/","title":{"rendered":"BROOK SIGAL"},"content":{"rendered":"<p>[vc_row][vc_column][vc_column_text]<\/p>\n<p style=\"text-align: center;\"><img decoding=\"async\" loading=\"lazy\" class=\"aligncenter wp-image-1691 size-medium\" src=\"http:\/\/labotica.fr\/site\/wp-content\/uploads\/2021\/03\/Brook-Sigal-Ic\u00f4nes-pour-le-site-carr\u00e9-300x300.png\" alt=\"\" width=\"300\" height=\"300\" srcset=\"http:\/\/labotica.fr\/site\/wp-content\/uploads\/2021\/03\/Brook-Sigal-Ic\u00f4nes-pour-le-site-carr\u00e9-300x300.png 300w, http:\/\/labotica.fr\/site\/wp-content\/uploads\/2021\/03\/Brook-Sigal-Ic\u00f4nes-pour-le-site-carr\u00e9-150x150.png 150w, http:\/\/labotica.fr\/site\/wp-content\/uploads\/2021\/03\/Brook-Sigal-Ic\u00f4nes-pour-le-site-carr\u00e9-768x768.png 768w, http:\/\/labotica.fr\/site\/wp-content\/uploads\/2021\/03\/Brook-Sigal-Ic\u00f4nes-pour-le-site-carr\u00e9-1024x1024.png 1024w, http:\/\/labotica.fr\/site\/wp-content\/uploads\/2021\/03\/Brook-Sigal-Ic\u00f4nes-pour-le-site-carr\u00e9-435x435.png 435w, http:\/\/labotica.fr\/site\/wp-content\/uploads\/2021\/03\/Brook-Sigal-Ic\u00f4nes-pour-le-site-carr\u00e9-60x60.png 60w, http:\/\/labotica.fr\/site\/wp-content\/uploads\/2021\/03\/Brook-Sigal-Ic\u00f4nes-pour-le-site-carr\u00e9.png 1080w\" sizes=\"(max-width: 300px) 100vw, 300px\" \/><\/p>\n<p style=\"text-align: center;\">\u00ab Raconteur d\u2019argile\u00bb<\/p>\n<p style=\"text-align: center;\">Les objets de Brook Sigal se composent de min\u00e9raux volcaniques et de charbons. Ils s\u2019appuient sur les propri\u00e9t\u00e9s naturelles respirantes de la c\u00e9ramique ainsi que les propri\u00e9t\u00e9s antibact\u00e9riennes des \u00e9maux d\u2019argent et de platine.<\/p>\n<p style=\"text-align: center;\">Brook Sigal propose des vases sculpturaux pour compositions florales contemporaines.<br \/>\nElles explorent diff\u00e9rentes formes pour des pi\u00e8ces uniques avec des \u00e9maux, des vases \u00abbouleaux\u00bb comme des for\u00eats, des vases qui servent de toile pour des compositions abstraites, des vases qui s\u2019entrelacent&#8230;<\/p>\n<p>[\/vc_column_text][\/vc_column][\/vc_row][vc_row][vc_column][vc_column_text]<\/p>\n<p style=\"text-align: center;\">Toutes les pi\u00e8ces et \u0153uvres peuvent \u00eatre command\u00e9es en nous \u00e9crivant \u00e0 <a href=\"mailto:covadonga.labotica@gmail.com\">covadonga.labotica@gmail.com<\/a> \/ <a href=\"mailto:contact.labotica@gmail.com\">contact.labotica@gmail.com<\/a> ou via nos r\u00e9seaux sociaux.<\/p>\n<p>[\/vc_column_text][\/vc_column][\/vc_row][vc_row][vc_column width=\u00a0\u00bb1\/2&Prime;][vc_single_image image=\u00a0\u00bb1696&Prime; img_size=\u00a0\u00bbmedium\u00a0\u00bb css_animation=\u00a0\u00bbrotateInDownLeft\u00a0\u00bb][\/vc_column][vc_column width=\u00a0\u00bb1\/2&Prime;][vc_custom_heading text=\u00a0\u00bbVase Bougeoir Cylindrique\u00a0\u00bb use_theme_fonts=\u00a0\u00bbyes\u00a0\u00bb][vc_column_text]29 x 8 cm[\/vc_column_text][vc_column_text]150\u20ac[\/vc_column_text][\/vc_column][\/vc_row][vc_row][vc_column width=\u00a0\u00bb1\/2&Prime;][vc_single_image image=\u00a0\u00bb1692&Prime; img_size=\u00a0\u00bbmedium\u00a0\u00bb css_animation=\u00a0\u00bbrotateInDownLeft\u00a0\u00bb][\/vc_column][vc_column width=\u00a0\u00bb1\/2&Prime;][vc_custom_heading text=\u00a0\u00bbFruit Bowl Tenmoku Crackle Zinc\u00a0\u00bb use_theme_fonts=\u00a0\u00bbyes\u00a0\u00bb][vc_column_text]19,5 x 19,5 cm[\/vc_column_text][vc_column_text]200\u20ac[\/vc_column_text][\/vc_column][\/vc_row][vc_row][vc_column width=\u00a0\u00bb1\/2&Prime;][vc_single_image image=\u00a0\u00bb1695&Prime; img_size=\u00a0\u00bbmedium\u00a0\u00bb css_animation=\u00a0\u00bbrotateInDownLeft\u00a0\u00bb][\/vc_column][vc_column width=\u00a0\u00bb1\/2&Prime;][vc_custom_heading text=\u00a0\u00bbWeathered Vase\u00a0\u00bb use_theme_fonts=\u00a0\u00bbyes\u00a0\u00bb][vc_column_text]27 x 25 cm[\/vc_column_text][vc_column_text]200\u20ac[\/vc_column_text][\/vc_column][\/vc_row][vc_row][vc_column width=\u00a0\u00bb1\/2&Prime;][vc_single_image image=\u00a0\u00bb1693&Prime; img_size=\u00a0\u00bbmedium\u00a0\u00bb css_animation=\u00a0\u00bbrotateInDownLeft\u00a0\u00bb][\/vc_column][vc_column width=\u00a0\u00bb1\/2&Prime;][vc_custom_heading text=\u00a0\u00bbVase Platinum (avec anses)\u00a0\u00bb use_theme_fonts=\u00a0\u00bbyes\u00a0\u00bb][vc_column_text]19,5 x 20 cm[\/vc_column_text][vc_column_text]280\u20ac[\/vc_column_text][\/vc_column][\/vc_row][vc_row][vc_column width=\u00a0\u00bb1\/2&Prime;][vc_single_image image=\u00a0\u00bb1694&Prime; img_size=\u00a0\u00bbmedium\u00a0\u00bb css_animation=\u00a0\u00bbrotateInDownLeft\u00a0\u00bb][\/vc_column][vc_column width=\u00a0\u00bb1\/2&Prime;][vc_custom_heading text=\u00a0\u00bbVase Reactive Purple With Bubbles\u00a0\u00bb use_theme_fonts=\u00a0\u00bbyes\u00a0\u00bb][vc_column_text]24 x 32 cm[\/vc_column_text][vc_column_text]280\u20ac[\/vc_column_text][\/vc_column][\/vc_row]<\/p>\n","protected":false},"excerpt":{"rendered":"<p>[vc_row][vc_column][vc_column_text] \u00ab Raconteur d\u2019argile\u00bb Les objets de Brook Sigal se composent de min\u00e9raux volcaniques et de charbons. Ils s\u2019appuient sur les propri\u00e9t\u00e9s naturelles respirantes de la c\u00e9ramique ainsi que les propri\u00e9t\u00e9s antibact\u00e9riennes des \u00e9maux d\u2019argent et de platine. Brook Sigal propose des vases sculpturaux pour compositions florales contemporaines. Elles explorent diff\u00e9rentes formes pour des pi\u00e8ces &hellip; <\/p>\n","protected":false},"author":1,"featured_media":0,"parent":0,"menu_order":0,"comment_status":"closed","ping_status":"closed","template":"","meta":[],"_links":{"self":[{"href":"http:\/\/labotica.fr\/site\/wp-json\/wp\/v2\/pages\/1521"}],"collection":[{"href":"http:\/\/labotica.fr\/site\/wp-json\/wp\/v2\/pages"}],"about":[{"href":"http:\/\/labotica.fr\/site\/wp-json\/wp\/v2\/types\/page"}],"author":[{"embeddable":true,"href":"http:\/\/labotica.fr\/site\/wp-json\/wp\/v2\/users\/1"}],"replies":[{"embeddable":true,"href":"http:\/\/labotica.fr\/site\/wp-json\/wp\/v2\/comments?post=1521"}],"version-history":[{"count":7,"href":"http:\/\/labotica.fr\/site\/wp-json\/wp\/v2\/pages\/1521\/revisions"}],"predecessor-version":[{"id":2617,"href":"http:\/\/labotica.fr\/site\/wp-json\/wp\/v2\/pages\/1521\/revisions\/2617"}],"wp:attachment":[{"href":"http:\/\/labotica.fr\/site\/wp-json\/wp\/v2\/media?parent=1521"}],"curies":[{"name":"wp","href":"https:\/\/api.w.org\/{rel}","templated":true}]}}