{"id":1479,"date":"2021-03-04T17:01:03","date_gmt":"2021-03-04T16:01:03","guid":{"rendered":"http:\/\/labotica.fr\/site\/?page_id=1479"},"modified":"2021-05-27T12:02:57","modified_gmt":"2021-05-27T11:02:57","slug":"ninon-et-auguste","status":"publish","type":"page","link":"http:\/\/labotica.fr\/site\/ninon-et-auguste\/","title":{"rendered":"NINON ET AUGUSTE"},"content":{"rendered":"<p>[vc_row][vc_column][vc_column_text]<\/p>\n<h2 style=\"text-align: center;\">NINON ET AUGUSTE<\/h2>\n<p><a href=\"http:\/\/labotica.fr\/site\/createurs\/ninon\/\" rel=\"attachment wp-att-983\"><img decoding=\"async\" loading=\"lazy\" class=\"alignnone size-medium wp-image-983 aligncenter\" src=\"http:\/\/labotica.fr\/site\/wp-content\/uploads\/2020\/02\/ninon-300x293.png\" alt=\"\" width=\"300\" height=\"293\" srcset=\"http:\/\/labotica.fr\/site\/wp-content\/uploads\/2020\/02\/ninon-300x293.png 300w, http:\/\/labotica.fr\/site\/wp-content\/uploads\/2020\/02\/ninon-61x60.png 61w, http:\/\/labotica.fr\/site\/wp-content\/uploads\/2020\/02\/ninon.png 660w\" sizes=\"(max-width: 300px) 100vw, 300px\" \/><\/a><\/p>\n<p style=\"text-align: center;\">\u00ab Ninon \u00bb est le pr\u00e9nom que m\u2019a donn\u00e9 ma tr\u00e8s ch\u00e8re grand-m\u00e8re<br \/>\nmaternelle et Auguste est mon fid\u00e8le et festif bouledogue anglais, mon<br \/>\ncompagnon \u00e0 l\u2019atelier.Suite \u00e0 un dipl\u00f4me de d\u00e9coratrice d\u2019int\u00e9rieur obtenu en 2014, j\u2019entame<br \/>\nune formation de d\u00e9coration sur porcelaine qui m\u2019orientera vers le<br \/>\nmonde de l\u2019artisanat.<br \/>\n\u00ab Ninon et Auguste \u00bb propose des \u0153uvres uniques de c\u00e9ramiques<br \/>\nillustr\u00e9es aussi bien utilitaires que d\u00e9coratives dont les d\u00e9cors se m\u00ealent<br \/>\n\u00e0 des souvenirs d\u2019enfance en Afrique, la jungle urbaine parisienne et<br \/>\nl\u2019imaginaire.La terre accorde une libert\u00e9 d\u2019expression que je trouve fascinante, entre<br \/>\ncr\u00e9ativit\u00e9 et innovation, la c\u00e9ramique se fa\u00e7onne sur la passion.<\/p>\n<p>[\/vc_column_text][\/vc_column][\/vc_row][vc_row][vc_column][vc_column_text]<\/p>\n<p style=\"text-align: center;\">Toutes les pi\u00e8ces et \u0153uvres peuvent \u00eatre command\u00e9es en nous \u00e9crivant \u00e0 <a href=\"mailto:covadonga.labotica@gmail.com\">covadonga.labotica@gmail.com<\/a> \/ <a href=\"mailto:contact.labotica@gmail.com\">contact.labotica@gmail.com<\/a> ou via nos r\u00e9seaux sociaux.<\/p>\n<p>[\/vc_column_text][\/vc_column][\/vc_row][vc_row][vc_column width=\u00a0\u00bb1\/2&Prime;][vc_single_image image=\u00a0\u00bb2116&Prime; img_size=\u00a0\u00bbmedium\u00a0\u00bb css_animation=\u00a0\u00bbrotateInDownLeft\u00a0\u00bb][\/vc_column][vc_column width=\u00a0\u00bb1\/2&Prime;][vc_custom_heading text=\u00a0\u00bbAssiette Illustr\u00e9e\u00a0\u00bb use_theme_fonts=\u00a0\u00bbyes\u00a0\u00bb][vc_column_text]45\u20ac[\/vc_column_text][\/vc_column][\/vc_row][vc_row][vc_column width=\u00a0\u00bb1\/2&Prime;][vc_single_image image=\u00a0\u00bb2117&Prime; img_size=\u00a0\u00bbmedium\u00a0\u00bb css_animation=\u00a0\u00bbrotateInDownLeft\u00a0\u00bb][\/vc_column][vc_column width=\u00a0\u00bb1\/2&Prime;][vc_custom_heading text=\u00a0\u00bbBol Illustr\u00e9\u00a0\u00bb use_theme_fonts=\u00a0\u00bbyes\u00a0\u00bb][vc_column_text]Grand\u00a0\u00a0\u00a0 &#8211;\u00a0\u00a0\u00a0 Moyen\u00a0\u00a0\u00a0 &#8211;\u00a0\u00a0\u00a0 Petit[\/vc_column_text][vc_column_text]75\u20ac \u00a0\u00a0 &#8211;\u00a0\u00a0\u00a0 50\u20ac\u00a0\u00a0\u00a0 &#8211;\u00a0\u00a0\u00a0 45\u20ac[\/vc_column_text][\/vc_column][\/vc_row][vc_row][vc_column width=\u00a0\u00bb1\/2&Prime;][vc_single_image image=\u00a0\u00bb2114&Prime; img_size=\u00a0\u00bbmedium\u00a0\u00bb css_animation=\u00a0\u00bbrotateInDownLeft\u00a0\u00bb][\/vc_column][vc_column width=\u00a0\u00bb1\/2&Prime;][vc_custom_heading text=\u00a0\u00bbCoupelle Ovale\u00a0\u00bb use_theme_fonts=\u00a0\u00bbyes\u00a0\u00bb][vc_column_text]35\u20ac[\/vc_column_text][\/vc_column][\/vc_row][vc_row][vc_column width=\u00a0\u00bb1\/2&Prime;][vc_single_image image=\u00a0\u00bb2115&Prime; img_size=\u00a0\u00bbmedium\u00a0\u00bb css_animation=\u00a0\u00bbrotateInDownLeft\u00a0\u00bb][\/vc_column][vc_column width=\u00a0\u00bb1\/2&Prime;][vc_custom_heading text=\u00a0\u00bbCoupelle Ronde\u00a0\u00bb use_theme_fonts=\u00a0\u00bbyes\u00a0\u00bb][vc_column_text]17\u20ac[\/vc_column_text][\/vc_column][\/vc_row]<\/p>\n","protected":false},"excerpt":{"rendered":"<p>[vc_row][vc_column][vc_column_text] NINON ET AUGUSTE \u00ab Ninon \u00bb est le pr\u00e9nom que m\u2019a donn\u00e9 ma tr\u00e8s ch\u00e8re grand-m\u00e8re maternelle et Auguste est mon fid\u00e8le et festif bouledogue anglais, mon compagnon \u00e0 l\u2019atelier.Suite \u00e0 un dipl\u00f4me de d\u00e9coratrice d\u2019int\u00e9rieur obtenu en 2014, j\u2019entame une formation de d\u00e9coration sur porcelaine qui m\u2019orientera vers le monde de l\u2019artisanat. \u00ab &hellip; <\/p>\n","protected":false},"author":1,"featured_media":0,"parent":0,"menu_order":0,"comment_status":"closed","ping_status":"closed","template":"","meta":[],"_links":{"self":[{"href":"http:\/\/labotica.fr\/site\/wp-json\/wp\/v2\/pages\/1479"}],"collection":[{"href":"http:\/\/labotica.fr\/site\/wp-json\/wp\/v2\/pages"}],"about":[{"href":"http:\/\/labotica.fr\/site\/wp-json\/wp\/v2\/types\/page"}],"author":[{"embeddable":true,"href":"http:\/\/labotica.fr\/site\/wp-json\/wp\/v2\/users\/1"}],"replies":[{"embeddable":true,"href":"http:\/\/labotica.fr\/site\/wp-json\/wp\/v2\/comments?post=1479"}],"version-history":[{"count":5,"href":"http:\/\/labotica.fr\/site\/wp-json\/wp\/v2\/pages\/1479\/revisions"}],"predecessor-version":[{"id":2618,"href":"http:\/\/labotica.fr\/site\/wp-json\/wp\/v2\/pages\/1479\/revisions\/2618"}],"wp:attachment":[{"href":"http:\/\/labotica.fr\/site\/wp-json\/wp\/v2\/media?parent=1479"}],"curies":[{"name":"wp","href":"https:\/\/api.w.org\/{rel}","templated":true}]}}