{"id":1468,"date":"2021-03-04T16:54:36","date_gmt":"2021-03-04T15:54:36","guid":{"rendered":"http:\/\/labotica.fr\/site\/?page_id=1468"},"modified":"2021-05-27T11:38:43","modified_gmt":"2021-05-27T10:38:43","slug":"veni-vidi-vici","status":"publish","type":"page","link":"http:\/\/labotica.fr\/site\/veni-vidi-vici\/","title":{"rendered":"VENI VIDI VICI"},"content":{"rendered":"<p>[vc_row][vc_column][vc_column_text]<\/p>\n<h2 style=\"text-align: center;\">VENI VIDI VICI<\/h2>\n<p><a href=\"http:\/\/labotica.fr\/site\/createurs\/vvvv\/\" rel=\"attachment wp-att-991\"><img decoding=\"async\" loading=\"lazy\" class=\"alignnone size-medium wp-image-991 aligncenter\" src=\"http:\/\/labotica.fr\/site\/wp-content\/uploads\/2020\/02\/vvvv-300x297.png\" alt=\"\" width=\"300\" height=\"297\" srcset=\"http:\/\/labotica.fr\/site\/wp-content\/uploads\/2020\/02\/vvvv-300x297.png 300w, http:\/\/labotica.fr\/site\/wp-content\/uploads\/2020\/02\/vvvv-150x150.png 150w, http:\/\/labotica.fr\/site\/wp-content\/uploads\/2020\/02\/vvvv-61x60.png 61w, http:\/\/labotica.fr\/site\/wp-content\/uploads\/2020\/02\/vvvv.png 642w\" sizes=\"(max-width: 300px) 100vw, 300px\" \/><\/a><\/p>\n<p style=\"text-align: center;\">vvv est un label ind\u00e9pendant cr\u00e9e en 2004 par Nicolas Lherpiniere-Salerno apr\u00e8s ses \u00e9tudes<br \/>\naux Beaux-Arts de Saint \u00c9tienne.<br \/>\nApr\u00e8s avoir explor\u00e9 la customisation de v\u00eatements avec des pi\u00e8ces uniques travaill\u00e9es<br \/>\ncomme des toiles, la marque propose aujourd\u2019hui des collections pens\u00e9es dans un ensemble coh\u00e9rent.<br \/>\nElles sont souvent le r\u00e9sultat d\u2019une r\u00e9flexion sur nos habitudes de consommation \u00e0 travers<br \/>\ndes compositions po\u00e9tiques trait\u00e9es avec ironie et d\u00e9sinvolture.<br \/>\nvvv joue avec les formes standardis\u00e9es des objets de consommation du quotidien et les<br \/>\nimages d\u2019une culture visuelle occidentale que nous avons assimil\u00e9 de fa\u00e7on plus ou moins<br \/>\nconsciente et nous r\u00e9v\u00e8le leur v\u00e9ritable potentiel esth\u00e9tique.<br \/>\nLes Collections sont pens\u00e9es \u00e0 St Ouen. Les teeshirts et crewneck sont en jersey de coton<br \/>\n200g et french terry 350g en coton organique.<br \/>\nLes broderies sont r\u00e9alis\u00e9es dans le Nord Pas de Calais et les impressions sont faites \u00e0 Paris.[\/vc_column_text][\/vc_column][\/vc_row][vc_row][vc_column][vc_column_text]<\/p>\n<p style=\"text-align: center;\">Toutes les pi\u00e8ces et \u0153uvres peuvent \u00eatre command\u00e9es en nous \u00e9crivant \u00e0 <a href=\"mailto:covadonga.labotica@gmail.com\">covadonga.labotica@gmail.com<\/a> \/ <a href=\"mailto:contact.labotica@gmail.com\">contact.labotica@gmail.com<\/a> ou via nos r\u00e9seaux sociaux.<\/p>\n<p>[\/vc_column_text][\/vc_column][\/vc_row]<\/p>\n","protected":false},"excerpt":{"rendered":"<p>[vc_row][vc_column][vc_column_text] VENI VIDI VICI vvv est un label ind\u00e9pendant cr\u00e9e en 2004 par Nicolas Lherpiniere-Salerno apr\u00e8s ses \u00e9tudes aux Beaux-Arts de Saint \u00c9tienne. Apr\u00e8s avoir explor\u00e9 la customisation de v\u00eatements avec des pi\u00e8ces uniques travaill\u00e9es comme des toiles, la marque propose aujourd\u2019hui des collections pens\u00e9es dans un ensemble coh\u00e9rent. Elles sont souvent le r\u00e9sultat d\u2019une &hellip; <\/p>\n","protected":false},"author":1,"featured_media":0,"parent":0,"menu_order":0,"comment_status":"closed","ping_status":"closed","template":"","meta":[],"_links":{"self":[{"href":"http:\/\/labotica.fr\/site\/wp-json\/wp\/v2\/pages\/1468"}],"collection":[{"href":"http:\/\/labotica.fr\/site\/wp-json\/wp\/v2\/pages"}],"about":[{"href":"http:\/\/labotica.fr\/site\/wp-json\/wp\/v2\/types\/page"}],"author":[{"embeddable":true,"href":"http:\/\/labotica.fr\/site\/wp-json\/wp\/v2\/users\/1"}],"replies":[{"embeddable":true,"href":"http:\/\/labotica.fr\/site\/wp-json\/wp\/v2\/comments?post=1468"}],"version-history":[{"count":3,"href":"http:\/\/labotica.fr\/site\/wp-json\/wp\/v2\/pages\/1468\/revisions"}],"predecessor-version":[{"id":2602,"href":"http:\/\/labotica.fr\/site\/wp-json\/wp\/v2\/pages\/1468\/revisions\/2602"}],"wp:attachment":[{"href":"http:\/\/labotica.fr\/site\/wp-json\/wp\/v2\/media?parent=1468"}],"curies":[{"name":"wp","href":"https:\/\/api.w.org\/{rel}","templated":true}]}}