{"id":1462,"date":"2021-03-04T16:51:42","date_gmt":"2021-03-04T15:51:42","guid":{"rendered":"http:\/\/labotica.fr\/site\/?page_id=1462"},"modified":"2021-05-27T12:22:53","modified_gmt":"2021-05-27T11:22:53","slug":"corinne-bongrand","status":"publish","type":"page","link":"http:\/\/labotica.fr\/site\/corinne-bongrand\/","title":{"rendered":"CORINNE BONGRAND"},"content":{"rendered":"<p>[vc_row][vc_column][vc_column_text]<a href=\"http:\/\/labotica.fr\/site\/createurs\/corinne\/\" rel=\"attachment wp-att-973\"><img decoding=\"async\" loading=\"lazy\" class=\"alignnone size-medium wp-image-973 aligncenter\" src=\"http:\/\/labotica.fr\/site\/wp-content\/uploads\/2020\/02\/corinne-298x300.png\" alt=\"\" width=\"298\" height=\"300\" srcset=\"http:\/\/labotica.fr\/site\/wp-content\/uploads\/2020\/02\/corinne-298x300.png 298w, http:\/\/labotica.fr\/site\/wp-content\/uploads\/2020\/02\/corinne-150x150.png 150w, http:\/\/labotica.fr\/site\/wp-content\/uploads\/2020\/02\/corinne-60x60.png 60w, http:\/\/labotica.fr\/site\/wp-content\/uploads\/2020\/02\/corinne.png 642w\" sizes=\"(max-width: 298px) 100vw, 298px\" \/><\/a><\/p>\n<p style=\"text-align: center;\">Corinne Bongrand est une illustratrice-brodeuse parisienne autodidacte qui a<br \/>\npour support le papier ou le linge ancien.Celle qui manie aussi bien le crayon que l\u2019aiguille joue de contrastes audacieuxpour conter de belles histoires, mettant en sc\u00e8ne lettres d\u2019amour ou po\u00e8mes.<br \/>\nSon fid\u00e8le fil rouge \u00e9chappe \u00e0 toute classification et se fait signature d\u2019un style<br \/>\nsubtile et po\u00e9tique.Des illustrations brod\u00e9es comme des oeuvres d\u2019art prennent place sur des<br \/>\nlinges, des feuilles, des mouchoirs, des petits v\u00eatements, des lettres ou encore<br \/>\ndes livres avec une patte unique, fid\u00e8le \u00e0 l\u2019identit\u00e9 de leur cr\u00e9atrice.<\/p>\n<p>[\/vc_column_text][\/vc_column][\/vc_row][vc_row][vc_column][vc_empty_space][\/vc_column][\/vc_row][vc_row][vc_column][vc_column_text]<\/p>\n<p style=\"text-align: center;\">Toutes les pi\u00e8ces et \u0153uvres peuvent \u00eatre command\u00e9es en nous \u00e9crivant \u00e0 <a href=\"mailto:covadonga.labotica@gmail.com\">covadonga.labotica@gmail.com<\/a> \/ <a href=\"mailto:contact.labotica@gmail.com\">contact.labotica@gmail.com<\/a> ou via nos r\u00e9seaux sociaux.<\/p>\n<p>[\/vc_column_text][\/vc_column][\/vc_row][vc_row][vc_column width=\u00a0\u00bb1\/2&Prime;][vc_single_image image=\u00a0\u00bb2595&Prime; img_size=\u00a0\u00bbmedium\u00a0\u00bb css_animation=\u00a0\u00bbrotateInDownLeft\u00a0\u00bb][\/vc_column][vc_column width=\u00a0\u00bb1\/2&Prime;][vc_custom_heading text=\u00a0\u00bbCahier\u00a0\u00bb][vc_column_text]14,8 x 21 cm (Format A5)[\/vc_column_text][vc_column_text]7,50 \u20ac \/ unit\u00e9[\/vc_column_text][\/vc_column][\/vc_row]<\/p>\n","protected":false},"excerpt":{"rendered":"<p>[vc_row][vc_column][vc_column_text] Corinne Bongrand est une illustratrice-brodeuse parisienne autodidacte qui a pour support le papier ou le linge ancien.Celle qui manie aussi bien le crayon que l\u2019aiguille joue de contrastes audacieuxpour conter de belles histoires, mettant en sc\u00e8ne lettres d\u2019amour ou po\u00e8mes. Son fid\u00e8le fil rouge \u00e9chappe \u00e0 toute classification et se fait signature d\u2019un style &hellip; <\/p>\n","protected":false},"author":1,"featured_media":0,"parent":0,"menu_order":0,"comment_status":"closed","ping_status":"closed","template":"","meta":[],"_links":{"self":[{"href":"http:\/\/labotica.fr\/site\/wp-json\/wp\/v2\/pages\/1462"}],"collection":[{"href":"http:\/\/labotica.fr\/site\/wp-json\/wp\/v2\/pages"}],"about":[{"href":"http:\/\/labotica.fr\/site\/wp-json\/wp\/v2\/types\/page"}],"author":[{"embeddable":true,"href":"http:\/\/labotica.fr\/site\/wp-json\/wp\/v2\/users\/1"}],"replies":[{"embeddable":true,"href":"http:\/\/labotica.fr\/site\/wp-json\/wp\/v2\/comments?post=1462"}],"version-history":[{"count":8,"href":"http:\/\/labotica.fr\/site\/wp-json\/wp\/v2\/pages\/1462\/revisions"}],"predecessor-version":[{"id":2631,"href":"http:\/\/labotica.fr\/site\/wp-json\/wp\/v2\/pages\/1462\/revisions\/2631"}],"wp:attachment":[{"href":"http:\/\/labotica.fr\/site\/wp-json\/wp\/v2\/media?parent=1462"}],"curies":[{"name":"wp","href":"https:\/\/api.w.org\/{rel}","templated":true}]}}