{"id":1460,"date":"2021-03-04T16:50:19","date_gmt":"2021-03-04T15:50:19","guid":{"rendered":"http:\/\/labotica.fr\/site\/?page_id=1460"},"modified":"2021-03-04T16:50:19","modified_gmt":"2021-03-04T15:50:19","slug":"naco","status":"publish","type":"page","link":"http:\/\/labotica.fr\/site\/naco\/","title":{"rendered":"NACO"},"content":{"rendered":"<h2 style=\"text-align: center;\">NACO<\/h2>\n<p><a href=\"http:\/\/labotica.fr\/site\/createurs\/naco\/\" rel=\"attachment wp-att-981\"><img decoding=\"async\" loading=\"lazy\" class=\"alignnone size-medium wp-image-981 aligncenter\" src=\"http:\/\/labotica.fr\/site\/wp-content\/uploads\/2020\/02\/naco-300x297.png\" alt=\"\" width=\"300\" height=\"297\" srcset=\"http:\/\/labotica.fr\/site\/wp-content\/uploads\/2020\/02\/naco-300x297.png 300w, http:\/\/labotica.fr\/site\/wp-content\/uploads\/2020\/02\/naco-150x150.png 150w, http:\/\/labotica.fr\/site\/wp-content\/uploads\/2020\/02\/naco-61x60.png 61w, http:\/\/labotica.fr\/site\/wp-content\/uploads\/2020\/02\/naco.png 637w\" sizes=\"(max-width: 300px) 100vw, 300px\" \/><\/a><\/p>\n<p style=\"text-align: center;\">Naco Paris, est un cr\u00e9ateur de mode fran\u00e7ais, d\u00e9crit par la presse comme \u00able<br \/>\nseul cr\u00e9ateur qui n\u2019aime pas la mode\u00bb ou le \u00abRobin des Bois de la mode\u00bb.<br \/>\nIl cr\u00e9e une ligne unisex inspir\u00e9e de son histoire personnelle, son go\u00fbt pour les<br \/>\nArts, l\u2019Underground et l\u2019Extra-Ordinaire depuis 2001.<br \/>\nEsth\u00e9tique ultra-moderne, minimalisme et Punk Attitude sont les piliers de ses<br \/>\ncollections qui d\u00e9noncent la folie consommatrice dict\u00e9es par l\u2019industrie du luxe.<br \/>\nAvec une r\u00e9putation internationale, ses collections sont vendues \u00e0 New-York,<br \/>\nLondres, Anvers, Berlin, Hong-Kong, Copenhagen, Dubai, Beyrouth et \u00e0 La Botica<br \/>\nses designs ont acquis le statut culte au japon et sont vendus dans les magasins<br \/>\nles plus \u00e0 la mode de Tokyo, Osaka et nagoya.<br \/>\nNaco est aussi mondialement connu pour son sac \u00abKarl Who\u00bb.<br \/>\nDepuis 2013, il est un artiste multimedias, un mod\u00e8le atypique et un activiste<br \/>\nMode.<\/p>\n","protected":false},"excerpt":{"rendered":"<p>NACO Naco Paris, est un cr\u00e9ateur de mode fran\u00e7ais, d\u00e9crit par la presse comme \u00able seul cr\u00e9ateur qui n\u2019aime pas la mode\u00bb ou le \u00abRobin des Bois de la mode\u00bb. Il cr\u00e9e une ligne unisex inspir\u00e9e de son histoire personnelle, son go\u00fbt pour les Arts, l\u2019Underground et l\u2019Extra-Ordinaire depuis 2001. Esth\u00e9tique ultra-moderne, minimalisme et Punk &hellip; <\/p>\n","protected":false},"author":1,"featured_media":0,"parent":0,"menu_order":0,"comment_status":"closed","ping_status":"closed","template":"","meta":[],"_links":{"self":[{"href":"http:\/\/labotica.fr\/site\/wp-json\/wp\/v2\/pages\/1460"}],"collection":[{"href":"http:\/\/labotica.fr\/site\/wp-json\/wp\/v2\/pages"}],"about":[{"href":"http:\/\/labotica.fr\/site\/wp-json\/wp\/v2\/types\/page"}],"author":[{"embeddable":true,"href":"http:\/\/labotica.fr\/site\/wp-json\/wp\/v2\/users\/1"}],"replies":[{"embeddable":true,"href":"http:\/\/labotica.fr\/site\/wp-json\/wp\/v2\/comments?post=1460"}],"version-history":[{"count":1,"href":"http:\/\/labotica.fr\/site\/wp-json\/wp\/v2\/pages\/1460\/revisions"}],"predecessor-version":[{"id":1461,"href":"http:\/\/labotica.fr\/site\/wp-json\/wp\/v2\/pages\/1460\/revisions\/1461"}],"wp:attachment":[{"href":"http:\/\/labotica.fr\/site\/wp-json\/wp\/v2\/media?parent=1460"}],"curies":[{"name":"wp","href":"https:\/\/api.w.org\/{rel}","templated":true}]}}