{"id":1445,"date":"2021-03-04T16:41:02","date_gmt":"2021-03-04T15:41:02","guid":{"rendered":"http:\/\/labotica.fr\/site\/?page_id=1445"},"modified":"2021-05-27T11:40:54","modified_gmt":"2021-05-27T10:40:54","slug":"laklak","status":"publish","type":"page","link":"http:\/\/labotica.fr\/site\/laklak\/","title":{"rendered":"LAKLAK"},"content":{"rendered":"<p>[vc_row][vc_column][vc_column_text]<\/p>\n<h2 style=\"text-align: center;\">LAKLAK<\/h2>\n<p style=\"text-align: center;\"><a href=\"http:\/\/labotica.fr\/site\/createurs\/laklak\/\" rel=\"attachment wp-att-980\"><img decoding=\"async\" loading=\"lazy\" class=\"alignnone size-medium wp-image-980\" src=\"http:\/\/labotica.fr\/site\/wp-content\/uploads\/2020\/02\/laklak-300x295.png\" alt=\"\" width=\"300\" height=\"295\" srcset=\"http:\/\/labotica.fr\/site\/wp-content\/uploads\/2020\/02\/laklak-300x295.png 300w, http:\/\/labotica.fr\/site\/wp-content\/uploads\/2020\/02\/laklak-61x60.png 61w, http:\/\/labotica.fr\/site\/wp-content\/uploads\/2020\/02\/laklak.png 639w\" sizes=\"(max-width: 300px) 100vw, 300px\" \/><\/a><\/p>\n<p style=\"text-align: center;\">Apr\u00e8s des \u00e9tudes de design, Sarah cr\u00e9atrice de Laklak \u00e9tait impatiente de retrousser<br \/>\nses manches pour lancer ses premi\u00e8res cr\u00e9ations.<br \/>\nElle d\u00e9couvre la technique ancestrale de la laque \u00e0 l\u2019\u00e9cole Olivier de Serres (ENSAAMA,<br \/>\n\u00c9cole Nationale des Arts Appliqu\u00e9s et des M\u00e9tiers d\u2019Art), lors de journ\u00e9es Portes<br \/>\nouvertes.<br \/>\nApr\u00e8s des s\u00e9jours au Japon, au Vietnam (Hano\u00ef), aux c\u00f4t\u00e9s de ma\u00eetres laqueurs, Sarah<br \/>\ncr\u00e9e sa premi\u00e8re collection de bijoux inspir\u00e9e de l\u2019Asie, en juin 2012.<br \/>\nSarah utilise une technique connue sous le nom de vernis gras, ou laque europ\u00e9enne. Le<br \/>\nvernis est m\u00e9lang\u00e9 aux pigments et appliqu\u00e9 au pinceau en couches successives puis<br \/>\nponc\u00e9.<br \/>\nElle travaille selon les m\u00e9thodes utilis\u00e9es en France depuis le 18\u00e8me si\u00e8cle, tout en<br \/>\nadaptant de nouvelles techniques issues des diverses cultures qu\u2019elle a rencontr\u00e9. Elle<br \/>\nrevisite ainsi un art mill\u00e9naire dans des bijoux \u00e0 l\u2019esth\u00e9tique contemporaines.<\/p>\n<p>[\/vc_column_text][\/vc_column][\/vc_row][vc_row][vc_column][vc_column_text]<\/p>\n<p style=\"text-align: center;\">Toutes les pi\u00e8ces et \u0153uvres peuvent \u00eatre command\u00e9es en nous \u00e9crivant \u00e0 <a href=\"mailto:covadonga.labotica@gmail.com\">covadonga.labotica@gmail.com<\/a> \/ <a href=\"mailto:contact.labotica@gmail.com\">contact.labotica@gmail.com<\/a> ou via nos r\u00e9seaux sociaux.<\/p>\n<p>[\/vc_column_text][\/vc_column][\/vc_row][vc_row][vc_column width=\u00a0\u00bb1\/2&Prime;][vc_single_image image=\u00a0\u00bb1970&Prime; img_size=\u00a0\u00bbmedium\u00a0\u00bb css_animation=\u00a0\u00bbrotateInDownLeft\u00a0\u00bb][\/vc_column][vc_column width=\u00a0\u00bb1\/2&Prime;][vc_custom_heading text=\u00a0\u00bbBoucles d&rsquo;oreilles\u00a0\u00bb use_theme_fonts=\u00a0\u00bbyes\u00a0\u00bb][vc_column_text][\/vc_column_text][vc_column_text]35\u20ac[\/vc_column_text][\/vc_column][\/vc_row][vc_row][vc_column width=\u00a0\u00bb1\/2&Prime;][vc_single_image image=\u00a0\u00bb1968&Prime; img_size=\u00a0\u00bbmedium\u00a0\u00bb css_animation=\u00a0\u00bbrotateInDownLeft\u00a0\u00bb][\/vc_column][vc_column width=\u00a0\u00bb1\/2&Prime;][vc_custom_heading text=\u00a0\u00bb\u00a0\u00bb use_theme_fonts=\u00a0\u00bbyes\u00a0\u00bb][vc_column_text][\/vc_column_text][vc_column_text]55\u20ac[\/vc_column_text][\/vc_column][\/vc_row][vc_row][vc_column width=\u00a0\u00bb1\/2&Prime;][vc_single_image image=\u00a0\u00bb1969&Prime; img_size=\u00a0\u00bbmedium\u00a0\u00bb css_animation=\u00a0\u00bbrotateInDownLeft\u00a0\u00bb][\/vc_column][vc_column width=\u00a0\u00bb1\/2&Prime;][vc_custom_heading text=\u00a0\u00bb\u00a0\u00bb use_theme_fonts=\u00a0\u00bbyes\u00a0\u00bb][vc_column_text][\/vc_column_text][vc_column_text]23\u20ac[\/vc_column_text][\/vc_column][\/vc_row][vc_row][vc_column width=\u00a0\u00bb1\/2&Prime;][vc_single_image image=\u00a0\u00bb1971&Prime; img_size=\u00a0\u00bbmedium\u00a0\u00bb css_animation=\u00a0\u00bbrotateInDownLeft\u00a0\u00bb][\/vc_column][vc_column width=\u00a0\u00bb1\/2&Prime;][vc_custom_heading text=\u00a0\u00bb\u00a0\u00bb use_theme_fonts=\u00a0\u00bbyes\u00a0\u00bb][vc_column_text][\/vc_column_text][vc_column_text]45\u20ac[\/vc_column_text][\/vc_column][\/vc_row]<\/p>\n","protected":false},"excerpt":{"rendered":"<p>[vc_row][vc_column][vc_column_text] LAKLAK Apr\u00e8s des \u00e9tudes de design, Sarah cr\u00e9atrice de Laklak \u00e9tait impatiente de retrousser ses manches pour lancer ses premi\u00e8res cr\u00e9ations. Elle d\u00e9couvre la technique ancestrale de la laque \u00e0 l\u2019\u00e9cole Olivier de Serres (ENSAAMA, \u00c9cole Nationale des Arts Appliqu\u00e9s et des M\u00e9tiers d\u2019Art), lors de journ\u00e9es Portes ouvertes. Apr\u00e8s des s\u00e9jours au Japon, &hellip; <\/p>\n","protected":false},"author":1,"featured_media":0,"parent":0,"menu_order":0,"comment_status":"closed","ping_status":"closed","template":"","meta":[],"_links":{"self":[{"href":"http:\/\/labotica.fr\/site\/wp-json\/wp\/v2\/pages\/1445"}],"collection":[{"href":"http:\/\/labotica.fr\/site\/wp-json\/wp\/v2\/pages"}],"about":[{"href":"http:\/\/labotica.fr\/site\/wp-json\/wp\/v2\/types\/page"}],"author":[{"embeddable":true,"href":"http:\/\/labotica.fr\/site\/wp-json\/wp\/v2\/users\/1"}],"replies":[{"embeddable":true,"href":"http:\/\/labotica.fr\/site\/wp-json\/wp\/v2\/comments?post=1445"}],"version-history":[{"count":5,"href":"http:\/\/labotica.fr\/site\/wp-json\/wp\/v2\/pages\/1445\/revisions"}],"predecessor-version":[{"id":2604,"href":"http:\/\/labotica.fr\/site\/wp-json\/wp\/v2\/pages\/1445\/revisions\/2604"}],"wp:attachment":[{"href":"http:\/\/labotica.fr\/site\/wp-json\/wp\/v2\/media?parent=1445"}],"curies":[{"name":"wp","href":"https:\/\/api.w.org\/{rel}","templated":true}]}}