{"id":1438,"date":"2021-03-04T16:37:15","date_gmt":"2021-03-04T15:37:15","guid":{"rendered":"http:\/\/labotica.fr\/site\/?page_id=1438"},"modified":"2021-03-04T16:37:15","modified_gmt":"2021-03-04T15:37:15","slug":"galatee-pestre","status":"publish","type":"page","link":"http:\/\/labotica.fr\/site\/galatee-pestre\/","title":{"rendered":"GALAT\u00c9E PESTRE"},"content":{"rendered":"<h2 style=\"text-align: center;\">GALAT\u00c9E PESTRE<\/h2>\n<p><a href=\"http:\/\/labotica.fr\/site\/createurs\/galatee\/\" rel=\"attachment wp-att-977\"><img decoding=\"async\" loading=\"lazy\" class=\"alignnone size-medium wp-image-977 aligncenter\" src=\"http:\/\/labotica.fr\/site\/wp-content\/uploads\/2020\/02\/galatee-300x298.png\" alt=\"\" width=\"300\" height=\"298\" srcset=\"http:\/\/labotica.fr\/site\/wp-content\/uploads\/2020\/02\/galatee-300x298.png 300w, http:\/\/labotica.fr\/site\/wp-content\/uploads\/2020\/02\/galatee-150x150.png 150w, http:\/\/labotica.fr\/site\/wp-content\/uploads\/2020\/02\/galatee-60x60.png 60w, http:\/\/labotica.fr\/site\/wp-content\/uploads\/2020\/02\/galatee.png 633w\" sizes=\"(max-width: 300px) 100vw, 300px\" \/><\/a><\/p>\n<p style=\"text-align: center;\">A quoi sert un bijou ? C\u2019est un objet pr\u00e9cieux souvent qualifi\u00e9 d\u2019accessoire,<br \/>\nde futile&#8230; On suppose donc que le bijou ne sert \u00e0 rien. Mais alors pourquoi<br \/>\nest-il aussi r\u00e9pandu ?<br \/>\nSous l\u2019impulsion de ses propres pr\u00e9jug\u00e9s sur les bijoux, Galat\u00e9e d\u00e9bute<br \/>\nsa recherche en questionnant son entourage. De ces \u00e9changes, elle<br \/>\nretient que le bijou est appr\u00e9ci\u00e9 et port\u00e9 pour quantit\u00e9 de raisons : il<br \/>\nest pr\u00e9cieux, il est voyant, il est discret, il est bruyant, il est classe, il est<br \/>\nlourd, il est ancien, etc. Elle retient surtout que chacun a quelque chose<br \/>\n\u00e0 raconter sur son bijou&#8230; \u00e0 moins que ce ne soit l\u2019inverse.. ?<br \/>\nTr\u00e8s attach\u00e9e \u00e0 son m\u00e9tier de bijoutier, dans le travail \u00ab \u00e0 l\u2019\u00e9tabli \u00bb,<br \/>\ncomme dans la proximit\u00e9 avec le porteur, Galat\u00e9e veut revaloriser le<br \/>\nbijou pour son contenu identitaire trop souvent ignor\u00e9.<\/p>\n","protected":false},"excerpt":{"rendered":"<p>GALAT\u00c9E PESTRE A quoi sert un bijou ? C\u2019est un objet pr\u00e9cieux souvent qualifi\u00e9 d\u2019accessoire, de futile&#8230; On suppose donc que le bijou ne sert \u00e0 rien. Mais alors pourquoi est-il aussi r\u00e9pandu ? Sous l\u2019impulsion de ses propres pr\u00e9jug\u00e9s sur les bijoux, Galat\u00e9e d\u00e9bute sa recherche en questionnant son entourage. De ces \u00e9changes, elle &hellip; <\/p>\n","protected":false},"author":1,"featured_media":0,"parent":0,"menu_order":0,"comment_status":"closed","ping_status":"closed","template":"","meta":[],"_links":{"self":[{"href":"http:\/\/labotica.fr\/site\/wp-json\/wp\/v2\/pages\/1438"}],"collection":[{"href":"http:\/\/labotica.fr\/site\/wp-json\/wp\/v2\/pages"}],"about":[{"href":"http:\/\/labotica.fr\/site\/wp-json\/wp\/v2\/types\/page"}],"author":[{"embeddable":true,"href":"http:\/\/labotica.fr\/site\/wp-json\/wp\/v2\/users\/1"}],"replies":[{"embeddable":true,"href":"http:\/\/labotica.fr\/site\/wp-json\/wp\/v2\/comments?post=1438"}],"version-history":[{"count":1,"href":"http:\/\/labotica.fr\/site\/wp-json\/wp\/v2\/pages\/1438\/revisions"}],"predecessor-version":[{"id":1440,"href":"http:\/\/labotica.fr\/site\/wp-json\/wp\/v2\/pages\/1438\/revisions\/1440"}],"wp:attachment":[{"href":"http:\/\/labotica.fr\/site\/wp-json\/wp\/v2\/media?parent=1438"}],"curies":[{"name":"wp","href":"https:\/\/api.w.org\/{rel}","templated":true}]}}