{"id":1436,"date":"2021-03-04T16:34:11","date_gmt":"2021-03-04T15:34:11","guid":{"rendered":"http:\/\/labotica.fr\/site\/?page_id=1436"},"modified":"2021-03-04T16:34:11","modified_gmt":"2021-03-04T15:34:11","slug":"coudre-berlin","status":"publish","type":"page","link":"http:\/\/labotica.fr\/site\/coudre-berlin\/","title":{"rendered":"COUDRE BERLIN"},"content":{"rendered":"<h2 style=\"text-align: center;\">COUDRE BERLIN<\/h2>\n<p><a href=\"http:\/\/labotica.fr\/site\/createurs\/coudreberlin\/\" rel=\"attachment wp-att-974\"><img decoding=\"async\" loading=\"lazy\" class=\"alignnone size-medium wp-image-974 aligncenter\" src=\"http:\/\/labotica.fr\/site\/wp-content\/uploads\/2020\/02\/coudreberlin-300x297.png\" alt=\"\" width=\"300\" height=\"297\" srcset=\"http:\/\/labotica.fr\/site\/wp-content\/uploads\/2020\/02\/coudreberlin-300x297.png 300w, http:\/\/labotica.fr\/site\/wp-content\/uploads\/2020\/02\/coudreberlin-150x150.png 150w, http:\/\/labotica.fr\/site\/wp-content\/uploads\/2020\/02\/coudreberlin-61x60.png 61w, http:\/\/labotica.fr\/site\/wp-content\/uploads\/2020\/02\/coudreberlin.png 634w\" sizes=\"(max-width: 300px) 100vw, 300px\" \/><\/a><\/p>\n<p style=\"text-align: center;\">COUDRE BERLIN est une jeune marque berlinoise de v\u00eatements pour<br \/>\nhommes fond\u00e9e en 2016 par Dimitri Moustakidis et Daniel Diederich.<br \/>\nAu-del\u00e0 des v\u00eatements, la collection se d\u00e9veloppe dans des<br \/>\naccessoires et produits pour la maison. Les bougies parfum\u00e9es ont<br \/>\ndes senteurs uniques. Elles sont naturelles, fraiches et agr\u00e9ables.<br \/>\nLa marque propose des combinaisons int\u00e9ressantes, peu communes<br \/>\nde bases fruit\u00e9es et de notes herbac\u00e9es. Les bougies sont fabriqu\u00e9es<br \/>\n\u00e0 la main \u00e0 Berlin et \u00e0 base de cire de soja pure et d\u2019huiles essentielles<br \/>\nnaturelles.<\/p>\n","protected":false},"excerpt":{"rendered":"<p>COUDRE BERLIN COUDRE BERLIN est une jeune marque berlinoise de v\u00eatements pour hommes fond\u00e9e en 2016 par Dimitri Moustakidis et Daniel Diederich. Au-del\u00e0 des v\u00eatements, la collection se d\u00e9veloppe dans des accessoires et produits pour la maison. Les bougies parfum\u00e9es ont des senteurs uniques. Elles sont naturelles, fraiches et agr\u00e9ables. La marque propose des combinaisons &hellip; <\/p>\n","protected":false},"author":1,"featured_media":0,"parent":0,"menu_order":0,"comment_status":"closed","ping_status":"closed","template":"","meta":[],"_links":{"self":[{"href":"http:\/\/labotica.fr\/site\/wp-json\/wp\/v2\/pages\/1436"}],"collection":[{"href":"http:\/\/labotica.fr\/site\/wp-json\/wp\/v2\/pages"}],"about":[{"href":"http:\/\/labotica.fr\/site\/wp-json\/wp\/v2\/types\/page"}],"author":[{"embeddable":true,"href":"http:\/\/labotica.fr\/site\/wp-json\/wp\/v2\/users\/1"}],"replies":[{"embeddable":true,"href":"http:\/\/labotica.fr\/site\/wp-json\/wp\/v2\/comments?post=1436"}],"version-history":[{"count":1,"href":"http:\/\/labotica.fr\/site\/wp-json\/wp\/v2\/pages\/1436\/revisions"}],"predecessor-version":[{"id":1437,"href":"http:\/\/labotica.fr\/site\/wp-json\/wp\/v2\/pages\/1436\/revisions\/1437"}],"wp:attachment":[{"href":"http:\/\/labotica.fr\/site\/wp-json\/wp\/v2\/media?parent=1436"}],"curies":[{"name":"wp","href":"https:\/\/api.w.org\/{rel}","templated":true}]}}