{"id":1433,"date":"2021-03-04T16:27:20","date_gmt":"2021-03-04T15:27:20","guid":{"rendered":"http:\/\/labotica.fr\/site\/?page_id=1433"},"modified":"2021-03-04T16:27:20","modified_gmt":"2021-03-04T15:27:20","slug":"roy-nu","status":"publish","type":"page","link":"http:\/\/labotica.fr\/site\/roy-nu\/","title":{"rendered":"ROY NU"},"content":{"rendered":"<h2 style=\"text-align: center;\">ROY NU<\/h2>\n<p style=\"text-align: center;\"><a href=\"http:\/\/labotica.fr\/site\/createurs\/roynu\/\" rel=\"attachment wp-att-984\"><img decoding=\"async\" loading=\"lazy\" class=\"alignnone size-medium wp-image-984 aligncenter\" src=\"http:\/\/labotica.fr\/site\/wp-content\/uploads\/2020\/02\/roynu-300x292.png\" alt=\"\" width=\"300\" height=\"292\" srcset=\"http:\/\/labotica.fr\/site\/wp-content\/uploads\/2020\/02\/roynu-300x292.png 300w, http:\/\/labotica.fr\/site\/wp-content\/uploads\/2020\/02\/roynu-62x60.png 62w, http:\/\/labotica.fr\/site\/wp-content\/uploads\/2020\/02\/roynu.png 630w\" sizes=\"(max-width: 300px) 100vw, 300px\" \/><\/a><\/p>\n<p style=\"text-align: center;\">ROY NU est une ligne de v\u00eatements d\u2019int\u00e9rieur et pyjamas pour hommes,<br \/>\ncr\u00e9\u00e9e en juin 2017 par Jean-Hugues Dubo.<br \/>\nLa gamme, d\u2019une noble \u00e9pure, est enti\u00e8rement con\u00e7ue en mati\u00e8res<br \/>\nnaturelles, de qualit\u00e9 (\u00e9tamine de coton, boutons en nacre), pour<br \/>\nproposer aux \u00abconqu\u00e9rants contemporains\u00bb, de la sensibilit\u00e9 et de la<br \/>\nl\u00e9g\u00e8ret\u00e9. Roy nu est un produit d\u2019exception ! Les cale\u00e7ons, pantalons, chemises<br \/>\net kimonos sont hypoallerg\u00e9niques, quasi immat\u00e9riels et d\u2019un grand<br \/>\nconfort.<\/p>\n","protected":false},"excerpt":{"rendered":"<p>ROY NU ROY NU est une ligne de v\u00eatements d\u2019int\u00e9rieur et pyjamas pour hommes, cr\u00e9\u00e9e en juin 2017 par Jean-Hugues Dubo. La gamme, d\u2019une noble \u00e9pure, est enti\u00e8rement con\u00e7ue en mati\u00e8res naturelles, de qualit\u00e9 (\u00e9tamine de coton, boutons en nacre), pour proposer aux \u00abconqu\u00e9rants contemporains\u00bb, de la sensibilit\u00e9 et de la l\u00e9g\u00e8ret\u00e9. Roy nu est &hellip; <\/p>\n","protected":false},"author":1,"featured_media":0,"parent":0,"menu_order":0,"comment_status":"closed","ping_status":"closed","template":"","meta":[],"_links":{"self":[{"href":"http:\/\/labotica.fr\/site\/wp-json\/wp\/v2\/pages\/1433"}],"collection":[{"href":"http:\/\/labotica.fr\/site\/wp-json\/wp\/v2\/pages"}],"about":[{"href":"http:\/\/labotica.fr\/site\/wp-json\/wp\/v2\/types\/page"}],"author":[{"embeddable":true,"href":"http:\/\/labotica.fr\/site\/wp-json\/wp\/v2\/users\/1"}],"replies":[{"embeddable":true,"href":"http:\/\/labotica.fr\/site\/wp-json\/wp\/v2\/comments?post=1433"}],"version-history":[{"count":1,"href":"http:\/\/labotica.fr\/site\/wp-json\/wp\/v2\/pages\/1433\/revisions"}],"predecessor-version":[{"id":1434,"href":"http:\/\/labotica.fr\/site\/wp-json\/wp\/v2\/pages\/1433\/revisions\/1434"}],"wp:attachment":[{"href":"http:\/\/labotica.fr\/site\/wp-json\/wp\/v2\/media?parent=1433"}],"curies":[{"name":"wp","href":"https:\/\/api.w.org\/{rel}","templated":true}]}}