{"id":1208,"date":"2021-02-16T12:57:28","date_gmt":"2021-02-16T11:57:28","guid":{"rendered":"http:\/\/labotica.fr\/site\/?page_id=1208"},"modified":"2022-10-25T11:20:51","modified_gmt":"2022-10-25T10:20:51","slug":"privatisation","status":"publish","type":"page","link":"http:\/\/labotica.fr\/site\/evenementiel\/privatisation\/","title":{"rendered":"PRIVATISATION"},"content":{"rendered":"<p>[vc_row][vc_column][vc_single_image image=\u00a0\u00bb1224&Prime; img_size=\u00a0\u00bbmedium\u00a0\u00bb alignment=\u00a0\u00bbcenter\u00a0\u00bb][\/vc_column][\/vc_row][vc_row][vc_column][vc_column_text]<\/p>\n<h4 style=\"text-align: center;\">Lieu:<\/h4>\n<p style=\"text-align: center;\">150m\u00b2 modulables et personnalisables<br \/>\nEspace \u00e9quip\u00e9 d\u2019une cuisine et sonoris\u00e9<br \/>\nAvec une vitrine de 4m<\/p>\n<p>[\/vc_column_text][\/vc_column][\/vc_row][vc_row][vc_column][vc_column_text]<\/p>\n<h4><\/h4>\n<h4 style=\"text-align: center;\">Inclus :<\/h4>\n<p style=\"text-align: center;\">\u2022 Wifi<\/p>\n<p style=\"text-align: center;\">\u2022 Mobilier, am\u00e9nagement, d\u00e9coration : tables &amp; chaises, portants, fauteuils&#8230;<\/p>\n<h4 style=\"text-align: center;\">Options :<\/h4>\n<p style=\"text-align: center;\">\u2022 Accueil : h\u00f4tes\/h\u00f4tesses<br \/>\n\u2022 Restauration : pause caf\u00e9, repas assis, cocktail d\u00e9jeunatoire\/dinatoire, d\u00eeners priv\u00e9s<br \/>\n\u2022 Techniques : sonorisation, vid\u00e9o-projection, installation lumi\u00e8re<br \/>\n\u2022 Artistiques : booking, production<br \/>\n\u2026<\/p>\n<p style=\"text-align: center;\">Cette liste est non exhaustive<\/p>\n<p style=\"text-align: center;\">Nous vous accompagnons dans tous vos projets !<\/p>\n<p style=\"text-align: center;\">( Le forfait m\u00e9nage et s\u00e9curit\u00e9 est inclus dans votre r\u00e9servation )<\/p>\n<p style=\"text-align: center;\">Pour plus d&rsquo;informations remplissez notre formulaire de privatisation :<\/p>\n<p style=\"text-align: center;\"><a href=\"https:\/\/forms.gle\/MvP8y6bM9BgbQ6AL7\">https:\/\/forms.gle\/MvP8y6bM9BgbQ6AL7<\/a><\/p>\n<p style=\"text-align: center;\">ou contactez nous par mail :\u00a0<span style=\"color: #ff00ff;\"><strong>\u00a0contact.labotica@gmail.com<\/strong><\/span><\/p>\n<p>[\/vc_column_text][\/vc_column][\/vc_row][vc_row][vc_column][vc_single_image image=\u00a0\u00bb2490&Prime; img_size=\u00a0\u00bblarge\u00a0\u00bb alignment=\u00a0\u00bbcenter\u00a0\u00bb][\/vc_column][\/vc_row][vc_row][vc_column][vc_single_image image=\u00a0\u00bb1221&Prime; img_size=\u00a0\u00bblarge\u00a0\u00bb alignment=\u00a0\u00bbcenter\u00a0\u00bb][\/vc_column][\/vc_row]<\/p>\n","protected":false},"excerpt":{"rendered":"<p>[vc_row][vc_column][vc_single_image image=\u00a0\u00bb1224&Prime; img_size=\u00a0\u00bbmedium\u00a0\u00bb alignment=\u00a0\u00bbcenter\u00a0\u00bb][\/vc_column][\/vc_row][vc_row][vc_column][vc_column_text] Lieu: 150m\u00b2 modulables et personnalisables Espace \u00e9quip\u00e9 d\u2019une cuisine et sonoris\u00e9 Avec une vitrine de 4m [\/vc_column_text][\/vc_column][\/vc_row][vc_row][vc_column][vc_column_text] Inclus : \u2022 Wifi \u2022 Mobilier, am\u00e9nagement, d\u00e9coration : tables &amp; chaises, portants, fauteuils&#8230; Options : \u2022 Accueil : h\u00f4tes\/h\u00f4tesses \u2022 Restauration : pause caf\u00e9, repas assis, cocktail d\u00e9jeunatoire\/dinatoire, d\u00eeners priv\u00e9s \u2022 Techniques : &hellip; <\/p>\n","protected":false},"author":1,"featured_media":0,"parent":966,"menu_order":2,"comment_status":"closed","ping_status":"closed","template":"","meta":[],"_links":{"self":[{"href":"http:\/\/labotica.fr\/site\/wp-json\/wp\/v2\/pages\/1208"}],"collection":[{"href":"http:\/\/labotica.fr\/site\/wp-json\/wp\/v2\/pages"}],"about":[{"href":"http:\/\/labotica.fr\/site\/wp-json\/wp\/v2\/types\/page"}],"author":[{"embeddable":true,"href":"http:\/\/labotica.fr\/site\/wp-json\/wp\/v2\/users\/1"}],"replies":[{"embeddable":true,"href":"http:\/\/labotica.fr\/site\/wp-json\/wp\/v2\/comments?post=1208"}],"version-history":[{"count":31,"href":"http:\/\/labotica.fr\/site\/wp-json\/wp\/v2\/pages\/1208\/revisions"}],"predecessor-version":[{"id":2840,"href":"http:\/\/labotica.fr\/site\/wp-json\/wp\/v2\/pages\/1208\/revisions\/2840"}],"up":[{"embeddable":true,"href":"http:\/\/labotica.fr\/site\/wp-json\/wp\/v2\/pages\/966"}],"wp:attachment":[{"href":"http:\/\/labotica.fr\/site\/wp-json\/wp\/v2\/media?parent=1208"}],"curies":[{"name":"wp","href":"https:\/\/api.w.org\/{rel}","templated":true}]}}